{"id":6063,"date":"2025-04-02T16:34:14","date_gmt":"2025-04-02T14:34:14","guid":{"rendered":"https:\/\/kuris.de\/carreira\/"},"modified":"2025-10-14T08:02:04","modified_gmt":"2025-10-14T06:02:04","slug":"carreira","status":"publish","type":"page","link":"https:\/\/kuris.de\/pt-pt\/a-empresa\/carreira\/","title":{"rendered":"Carreira"},"content":{"rendered":"\t\t<div data-elementor-type=\"wp-page\" data-elementor-id=\"6063\" class=\"elementor elementor-6063 elementor-1147\" data-elementor-post-type=\"page\">\n\t\t\t\t<div class=\"elementor-element elementor-element-768d0a4 e-con-full e-flex e-con e-parent\" data-id=\"768d0a4\" data-element_type=\"container\">\n\t\t\t\t<div class=\"elementor-element elementor-element-f7db923 elementor-widget elementor-widget-image\" data-id=\"f7db923\" data-element_type=\"widget\" data-widget_type=\"image.default\">\n\t\t\t\t<div class=\"elementor-widget-container\">\n\t\t\t\t\t\t\t\t\t\t\t\t\t\t\t<img fetchpriority=\"high\" decoding=\"async\" width=\"2560\" height=\"384\" src=\"https:\/\/kuris.de\/wp-content\/uploads\/2025\/04\/website-Kuris_karriere-header-scaled.jpg\" class=\"attachment-full size-full wp-image-6064\" alt=\"\" srcset=\"https:\/\/kuris.de\/wp-content\/uploads\/2025\/04\/website-Kuris_karriere-header-scaled.jpg 2560w, https:\/\/kuris.de\/wp-content\/uploads\/2025\/04\/website-Kuris_karriere-header-300x45.jpg 300w, https:\/\/kuris.de\/wp-content\/uploads\/2025\/04\/website-Kuris_karriere-header-1024x154.jpg 1024w, https:\/\/kuris.de\/wp-content\/uploads\/2025\/04\/website-Kuris_karriere-header-768x115.jpg 768w, https:\/\/kuris.de\/wp-content\/uploads\/2025\/04\/website-Kuris_karriere-header-1536x230.jpg 1536w, https:\/\/kuris.de\/wp-content\/uploads\/2025\/04\/website-Kuris_karriere-header-2048x307.jpg 2048w\" sizes=\"(max-width: 2560px) 100vw, 2560px\" \/>\t\t\t\t\t\t\t\t\t\t\t\t\t\t\t<\/div>\n\t\t\t\t<\/div>\n\t\t\t\t<\/div>\n\t\t<div class=\"elementor-element elementor-element-592a635 e-con-full e-flex e-con e-parent\" data-id=\"592a635\" data-element_type=\"container\" data-settings=\"{&quot;background_background&quot;:&quot;classic&quot;}\">\n\t\t<div class=\"elementor-element elementor-element-e3d6e04 e-flex e-con-boxed e-con e-child\" data-id=\"e3d6e04\" data-element_type=\"container\">\n\t\t\t\t\t<div class=\"e-con-inner\">\n\t\t<div class=\"elementor-element elementor-element-63e4f9b e-con-full e-flex e-con e-child\" data-id=\"63e4f9b\" data-element_type=\"container\" data-settings=\"{&quot;background_background&quot;:&quot;classic&quot;}\">\n\t\t\t\t<div class=\"elementor-element elementor-element-8b85161 elementor-widget elementor-widget-heading\" data-id=\"8b85161\" data-element_type=\"widget\" data-widget_type=\"heading.default\">\n\t\t\t\t<div class=\"elementor-widget-container\">\n\t\t\t\t\t<h2 class=\"elementor-heading-title elementor-size-default\">Carreira<\/h2>\t\t\t\t<\/div>\n\t\t\t\t<\/div>\n\t\t\t\t<\/div>\n\t\t\t\t\t<\/div>\n\t\t\t\t<\/div>\n\t\t\t\t<\/div>\n\t\t<div class=\"elementor-element elementor-element-b8754db e-flex e-con-boxed e-con e-parent\" data-id=\"b8754db\" data-element_type=\"container\" data-settings=\"{&quot;background_background&quot;:&quot;classic&quot;}\">\n\t\t\t\t\t<div class=\"e-con-inner\">\n\t\t<div class=\"elementor-element elementor-element-c53f959 e-con-full e-flex e-con e-child\" data-id=\"c53f959\" data-element_type=\"container\">\n\t\t<div class=\"elementor-element elementor-element-dcb4801 e-con-full e-flex e-con e-child\" data-id=\"dcb4801\" data-element_type=\"container\" data-settings=\"{&quot;background_background&quot;:&quot;classic&quot;}\">\n\t\t<div class=\"elementor-element elementor-element-761995d e-con-full e-flex e-con e-child\" data-id=\"761995d\" data-element_type=\"container\">\n\t\t<div class=\"elementor-element elementor-element-d5afa6d e-con-full e-flex e-con e-child\" data-id=\"d5afa6d\" data-element_type=\"container\">\n\t\t\t\t<div class=\"elementor-element elementor-element-c5e6a2d elementor-widget__width-auto elementor-widget elementor-widget-heading\" data-id=\"c5e6a2d\" data-element_type=\"widget\" data-widget_type=\"heading.default\">\n\t\t\t\t<div class=\"elementor-widget-container\">\n\t\t\t\t\t<h2 class=\"elementor-heading-title elementor-size-default\">Desenvolvemos m\u00e1quinas. E o teu futuro.   <\/h2>\t\t\t\t<\/div>\n\t\t\t\t<\/div>\n\t\t\t\t<div class=\"elementor-element elementor-element-a836123 elementor-widget elementor-widget-spacer\" data-id=\"a836123\" data-element_type=\"widget\" data-widget_type=\"spacer.default\">\n\t\t\t\t<div class=\"elementor-widget-container\">\n\t\t\t\t\t\t\t<div class=\"elementor-spacer\">\n\t\t\t<div class=\"elementor-spacer-inner\"><\/div>\n\t\t<\/div>\n\t\t\t\t\t\t<\/div>\n\t\t\t\t<\/div>\n\t\t\t\t<div class=\"elementor-element elementor-element-b65a312 elementor-widget elementor-widget-text-editor\" data-id=\"b65a312\" data-element_type=\"widget\" data-widget_type=\"text-editor.default\">\n\t\t\t\t<div class=\"elementor-widget-container\">\n\t\t\t\t\t\t\t\t\t<p>H\u00e1 mais de 100 anos que somos sin\u00f3nimo de solu\u00e7\u00f5es de m\u00e1quinas robustas e inteligentes em todo o mundo. O que nos torna fortes? Muito simplesmente. Os nossos colaboradores e as suas compet\u00eancias. Quer seja na produ\u00e7\u00e3o, nas vendas ou no desenvolvimento: cada ideia, cada movimento e cada perspetiva conta para n\u00f3s.    <\/p><p>Os nossos produtos &#8211; desde a m\u00e1quina de corte de tecido industrial \u00e0 m\u00e1quina de coloca\u00e7\u00e3o e \u00e0 m\u00e1quina de corte &#8211; s\u00e3o procurados a n\u00edvel internacional. Fornecemos as ind\u00fastrias de mobili\u00e1rio, moda, autom\u00f3vel, tecnologia e defesa. Parece-te excitante? Pois \u00e9.   <\/p><p>Porque quem trabalha aqui est\u00e1 a trabalhar em algo que perdura. Numa equipa com verdadeiro esp\u00edrito de equipa, hierarquias planas e linhas de comunica\u00e7\u00e3o curtas. Sempre contigo: a sensa\u00e7\u00e3o segura de que as m\u00e1quinas de corte para t\u00eaxteis n\u00e3o s\u00e3o apenas a nossa for\u00e7a, mas tamb\u00e9m podem ser o teu futuro. De que est\u00e1s \u00e0 espera? Aguardamos o teu contacto.    <\/p>\t\t\t\t\t\t\t\t<\/div>\n\t\t\t\t<\/div>\n\t\t\t\t<\/div>\n\t\t\t\t<\/div>\n\t\t<div class=\"elementor-element elementor-element-d8f68fa e-con-full e-flex e-con e-child\" data-id=\"d8f68fa\" data-element_type=\"container\">\n\t\t<div class=\"elementor-element elementor-element-5cda5e9 e-con-full e-flex e-con e-child\" data-id=\"5cda5e9\" data-element_type=\"container\">\n\t\t\t\t<div class=\"elementor-element elementor-element-1f1561d elementor-widget elementor-widget-heading\" data-id=\"1f1561d\" data-element_type=\"widget\" data-widget_type=\"heading.default\">\n\t\t\t\t<div class=\"elementor-widget-container\">\n\t\t\t\t\t<h2 class=\"elementor-heading-title elementor-size-default\">Aprecia\u00e7\u00e3o<\/h2>\t\t\t\t<\/div>\n\t\t\t\t<\/div>\n\t\t\t\t<div class=\"elementor-element elementor-element-f45f26e elementor-widget elementor-widget-text-editor\" data-id=\"f45f26e\" data-element_type=\"widget\" data-widget_type=\"text-editor.default\">\n\t\t\t\t<div class=\"elementor-widget-container\">\n\t\t\t\t\t\t\t\t\t<p>Todas as ideias contam, todas as contribui\u00e7\u00f5es fazem a diferen\u00e7a.<\/p>\t\t\t\t\t\t\t\t<\/div>\n\t\t\t\t<\/div>\n\t\t\t\t<\/div>\n\t\t<div class=\"elementor-element elementor-element-0f7a574 e-con-full e-flex e-con e-child\" data-id=\"0f7a574\" data-element_type=\"container\">\n\t\t\t\t<div class=\"elementor-element elementor-element-63373c6 elementor-widget elementor-widget-heading\" data-id=\"63373c6\" data-element_type=\"widget\" data-widget_type=\"heading.default\">\n\t\t\t\t<div class=\"elementor-widget-container\">\n\t\t\t\t\t<h2 class=\"elementor-heading-title elementor-size-default\">promo\u00e7\u00e3o<\/h2>\t\t\t\t<\/div>\n\t\t\t\t<\/div>\n\t\t\t\t<div class=\"elementor-element elementor-element-109187d elementor-widget elementor-widget-text-editor\" data-id=\"109187d\" data-element_type=\"widget\" data-widget_type=\"text-editor.default\">\n\t\t\t\t<div class=\"elementor-widget-container\">\n\t\t\t\t\t\t\t\t\t<p>N\u00e3o desenvolvemos apenas m\u00e1quinas, mas tamb\u00e9m pessoas.<\/p>\t\t\t\t\t\t\t\t<\/div>\n\t\t\t\t<\/div>\n\t\t\t\t<\/div>\n\t\t<div class=\"elementor-element elementor-element-a898056 e-con-full e-flex e-con e-child\" data-id=\"a898056\" data-element_type=\"container\">\n\t\t\t\t<div class=\"elementor-element elementor-element-62c4aea elementor-widget elementor-widget-heading\" data-id=\"62c4aea\" data-element_type=\"widget\" data-widget_type=\"heading.default\">\n\t\t\t\t<div class=\"elementor-widget-container\">\n\t\t\t\t\t<h2 class=\"elementor-heading-title elementor-size-default\">Confi\u00e1vel<\/h2>\t\t\t\t<\/div>\n\t\t\t\t<\/div>\n\t\t\t\t<div class=\"elementor-element elementor-element-baf0aa0 elementor-widget elementor-widget-text-editor\" data-id=\"baf0aa0\" data-element_type=\"widget\" data-widget_type=\"text-editor.default\">\n\t\t\t\t<div class=\"elementor-widget-container\">\n\t\t\t\t\t\t\t\t\t<p>Forte atrav\u00e9s do esp\u00edrito de equipa e da tecnologia h\u00e1 mais de 100 anos.<\/p>\t\t\t\t\t\t\t\t<\/div>\n\t\t\t\t<\/div>\n\t\t\t\t<\/div>\n\t\t<div class=\"elementor-element elementor-element-ff0401d e-con-full e-flex e-con e-child\" data-id=\"ff0401d\" data-element_type=\"container\">\n\t\t\t\t<div class=\"elementor-element elementor-element-9efedf1 elementor-widget elementor-widget-heading\" data-id=\"9efedf1\" data-element_type=\"widget\" data-widget_type=\"heading.default\">\n\t\t\t\t<div class=\"elementor-widget-container\">\n\t\t\t\t\t<h2 class=\"elementor-heading-title elementor-size-default\">colegial<\/h2>\t\t\t\t<\/div>\n\t\t\t\t<\/div>\n\t\t\t\t<div class=\"elementor-element elementor-element-1c005cb elementor-widget elementor-widget-text-editor\" data-id=\"1c005cb\" data-element_type=\"widget\" data-widget_type=\"text-editor.default\">\n\t\t\t\t<div class=\"elementor-widget-container\">\n\t\t\t\t\t\t\t\t\t<p>Dist\u00e2ncias curtas, coopera\u00e7\u00e3o aberta,<br>um verdadeiro sentido de uni\u00e3o.<\/p>\t\t\t\t\t\t\t\t<\/div>\n\t\t\t\t<\/div>\n\t\t\t\t<\/div>\n\t\t\t\t<\/div>\n\t\t\t\t<\/div>\n\t\t\t\t<\/div>\n\t\t\t\t\t<\/div>\n\t\t\t\t<\/div>\n\t\t<div class=\"elementor-element elementor-element-b8d3f4a e-flex e-con-boxed e-con e-parent\" data-id=\"b8d3f4a\" data-element_type=\"container\">\n\t\t\t\t\t<div class=\"e-con-inner\">\n\t\t<div class=\"elementor-element elementor-element-943a895 e-con-full e-flex e-con e-child\" data-id=\"943a895\" data-element_type=\"container\" data-settings=\"{&quot;background_background&quot;:&quot;classic&quot;}\">\n\t\t\t\t<div class=\"elementor-element elementor-element-70fc9c8 elementor-widget__width-auto elementor-widget elementor-widget-heading\" data-id=\"70fc9c8\" data-element_type=\"widget\" data-widget_type=\"heading.default\">\n\t\t\t\t<div class=\"elementor-widget-container\">\n\t\t\t\t\t<h2 class=\"elementor-heading-title elementor-size-default\">Vagas<\/h2>\t\t\t\t<\/div>\n\t\t\t\t<\/div>\n\t\t\t\t<div class=\"elementor-element elementor-element-de0d4e6 elementor-widget elementor-widget-spacer\" data-id=\"de0d4e6\" data-element_type=\"widget\" data-widget_type=\"spacer.default\">\n\t\t\t\t<div class=\"elementor-widget-container\">\n\t\t\t\t\t\t\t<div class=\"elementor-spacer\">\n\t\t\t<div class=\"elementor-spacer-inner\"><\/div>\n\t\t<\/div>\n\t\t\t\t\t\t<\/div>\n\t\t\t\t<\/div>\n\t\t\t\t<div class=\"elementor-element elementor-element-f873c03 elementor-widget elementor-widget-text-editor\" data-id=\"f873c03\" data-element_type=\"widget\" data-widget_type=\"text-editor.default\">\n\t\t\t\t<div class=\"elementor-widget-container\">\n\t\t\t\t\t\t\t\t\t<p>A fiabilidade, o esp\u00edrito de equipa e o empenho s\u00e3o mais importantes para n\u00f3s do que curr\u00edculos perfeitos. Porque a experi\u00eancia pode ser constru\u00edda &#8211; tu trazes atitude e motiva\u00e7\u00e3o contigo. Se pensas por ti pr\u00f3prio, assumes responsabilidades e tens vontade de trabalhar numa equipa forte, a Kuris \u00e9 o lugar certo para ti.  <\/p><p>Podes encontrar as nossas vagas actuais no nosso portal de emprego abaixo. Por favor, candidata-te diretamente online &#8211; n\u00e3o aceitamos candidaturas por correio. Muito obrigado!  <\/p>\t\t\t\t\t\t\t\t<\/div>\n\t\t\t\t<\/div>\n\t\t\t\t<\/div>\n\t\t\t\t<div class=\"elementor-element elementor-element-ef848ad elementor-widget elementor-widget-html\" data-id=\"ef848ad\" data-element_type=\"widget\" data-widget_type=\"html.default\">\n\t\t\t\t<div class=\"elementor-widget-container\">\n\t\t\t\t\t <div class=\"brlbs-cmpnt-container brlbs-cmpnt-content-blocker brlbs-cmpnt-with-individual-styles\" data-borlabs-cookie-content-blocker-id=\"default\" data-borlabs-cookie-content=\"PGlmcmFtZSBzcmM9Imh0dHBzOi8vam9iYXBwbGljYXRpb24uaHJ3b3Jrcy5kZS9kZT9jb21wYW55SWQ9YmdkOTI0MGEiIGhlaWdodD0iMTYwMHB4OyI+PC9pZnJhbWU+\"><div class=\"brlbs-cmpnt-cb-preset-a\"> <p class=\"brlbs-cmpnt-cb-description\">You are currently viewing a placeholder content from <strong>Default<\/strong>. To access the actual content, click the button below. Please note that doing so will share data with third-party providers.<\/p> <div class=\"brlbs-cmpnt-cb-buttons\"> <a class=\"brlbs-cmpnt-cb-btn\" href=\"#\" data-borlabs-cookie-unblock role=\"button\">Unblock content<\/a> <a class=\"brlbs-cmpnt-cb-btn\" href=\"#\" data-borlabs-cookie-accept-service role=\"button\" style=\"display: none\">Accept required service and unblock content<\/a> <\/div> <a class=\"brlbs-cmpnt-cb-provider-toggle\" href=\"#\" data-borlabs-cookie-show-provider-information role=\"button\">More Information<\/a> <\/div><\/div>\n\t\t\t\t<\/div>\n\t\t\t\t<\/div>\n\t\t\t\t\t<\/div>\n\t\t\t\t<\/div>\n\t\t<div class=\"elementor-element elementor-element-6326e47 e-flex e-con-boxed e-con e-parent\" data-id=\"6326e47\" data-element_type=\"container\" data-settings=\"{&quot;background_background&quot;:&quot;classic&quot;}\">\n\t\t\t\t\t<div class=\"e-con-inner\">\n\t\t<div class=\"elementor-element elementor-element-08bba1a e-con-full e-flex e-con e-child\" data-id=\"08bba1a\" data-element_type=\"container\">\n\t\t<div class=\"elementor-element elementor-element-6487b72 e-con-full e-flex e-con e-child\" data-id=\"6487b72\" data-element_type=\"container\">\n\t\t\t\t<div class=\"elementor-element elementor-element-504fc0b elementor-widget__width-auto elementor-widget elementor-widget-heading\" data-id=\"504fc0b\" data-element_type=\"widget\" data-widget_type=\"heading.default\">\n\t\t\t\t<div class=\"elementor-widget-container\">\n\t\t\t\t\t<h2 class=\"elementor-heading-title elementor-size-default\">Forma\u00e7\u00e3o com potenciais clientes<\/h2>\t\t\t\t<\/div>\n\t\t\t\t<\/div>\n\t\t\t\t<div class=\"elementor-element elementor-element-2fb32e6 elementor-widget elementor-widget-spacer\" data-id=\"2fb32e6\" data-element_type=\"widget\" data-widget_type=\"spacer.default\">\n\t\t\t\t<div class=\"elementor-widget-container\">\n\t\t\t\t\t\t\t<div class=\"elementor-spacer\">\n\t\t\t<div class=\"elementor-spacer-inner\"><\/div>\n\t\t<\/div>\n\t\t\t\t\t\t<\/div>\n\t\t\t\t<\/div>\n\t\t\t\t<div class=\"elementor-element elementor-element-98f176d elementor-widget elementor-widget-text-editor\" data-id=\"98f176d\" data-element_type=\"widget\" data-widget_type=\"text-editor.default\">\n\t\t\t\t<div class=\"elementor-widget-container\">\n\t\t\t\t\t\t\t\t\t<p>H\u00e1 muitos anos que formamos aprendizes com sucesso &#8211; com perspectivas a longo prazo. Muitos dos nossos antigos estagi\u00e1rios s\u00e3o agora membros permanentes da nossa equipa. Orgulhamo-nos disso &#8211; e estamos ansiosos por dar as boas-vindas a todos os que queiram iniciar a sua carreira connosco.  <\/p><p>Podes encontrar os est\u00e1gios em curso no nosso portal de emprego.<br>Por favor, candidata-te diretamente online &#8211; infelizmente, n\u00e3o podemos considerar candidaturas por correio. Muito obrigado! <\/p>\t\t\t\t\t\t\t\t<\/div>\n\t\t\t\t<\/div>\n\t\t\t\t<\/div>\n\t\t\t\t<div class=\"elementor-element elementor-element-9e2f82c elementor-widget elementor-widget-spacer\" data-id=\"9e2f82c\" data-element_type=\"widget\" data-widget_type=\"spacer.default\">\n\t\t\t\t<div class=\"elementor-widget-container\">\n\t\t\t\t\t\t\t<div class=\"elementor-spacer\">\n\t\t\t<div class=\"elementor-spacer-inner\"><\/div>\n\t\t<\/div>\n\t\t\t\t\t\t<\/div>\n\t\t\t\t<\/div>\n\t\t\t\t<\/div>\n\t\t<div class=\"elementor-element elementor-element-1188e05 e-con-full e-flex e-con e-child\" data-id=\"1188e05\" data-element_type=\"container\">\n\t\t\t\t<div class=\"elementor-element elementor-element-6c25180 elementor-widget elementor-widget-image\" data-id=\"6c25180\" data-element_type=\"widget\" data-widget_type=\"image.default\">\n\t\t\t\t<div class=\"elementor-widget-container\">\n\t\t\t\t\t\t\t\t\t\t\t\t\t\t\t<img decoding=\"async\" width=\"800\" height=\"772\" src=\"https:\/\/kuris.de\/wp-content\/uploads\/2025\/04\/website-Kuris_karriere_bild1.jpg\" class=\"attachment-large size-large wp-image-6068\" alt=\"\" srcset=\"https:\/\/kuris.de\/wp-content\/uploads\/2025\/04\/website-Kuris_karriere_bild1.jpg 972w, https:\/\/kuris.de\/wp-content\/uploads\/2025\/04\/website-Kuris_karriere_bild1-300x290.jpg 300w, https:\/\/kuris.de\/wp-content\/uploads\/2025\/04\/website-Kuris_karriere_bild1-768x741.jpg 768w\" sizes=\"(max-width: 800px) 100vw, 800px\" \/>\t\t\t\t\t\t\t\t\t\t\t\t\t\t\t<\/div>\n\t\t\t\t<\/div>\n\t\t\t\t<\/div>\n\t\t\t\t\t<\/div>\n\t\t\t\t<\/div>\n\t\t<div class=\"elementor-element elementor-element-2116259 e-flex e-con-boxed e-con e-parent\" data-id=\"2116259\" data-element_type=\"container\" data-settings=\"{&quot;background_background&quot;:&quot;classic&quot;}\">\n\t\t\t\t\t<div class=\"e-con-inner\">\n\t\t<div class=\"elementor-element elementor-element-1bc5f7f e-con-full e-flex e-con e-child\" data-id=\"1bc5f7f\" data-element_type=\"container\">\n\t\t<div class=\"elementor-element elementor-element-e7e6369 e-con-full e-flex e-con e-child\" data-id=\"e7e6369\" data-element_type=\"container\">\n\t\t<div class=\"elementor-element elementor-element-83e5742 e-con-full e-flex e-con e-child\" data-id=\"83e5742\" data-element_type=\"container\">\n\t\t\t\t<div class=\"elementor-element elementor-element-85ae5f1 elementor-widget__width-auto elementor-widget elementor-widget-heading\" data-id=\"85ae5f1\" data-element_type=\"widget\" data-widget_type=\"heading.default\">\n\t\t\t\t<div class=\"elementor-widget-container\">\n\t\t\t\t\t<h2 class=\"elementor-heading-title elementor-size-default\">Tens mais alguma pergunta?\n<\/h2>\t\t\t\t<\/div>\n\t\t\t\t<\/div>\n\t\t\t\t<div class=\"elementor-element elementor-element-fd9a1fd elementor-widget elementor-widget-spacer\" data-id=\"fd9a1fd\" data-element_type=\"widget\" data-widget_type=\"spacer.default\">\n\t\t\t\t<div class=\"elementor-widget-container\">\n\t\t\t\t\t\t\t<div class=\"elementor-spacer\">\n\t\t\t<div class=\"elementor-spacer-inner\"><\/div>\n\t\t<\/div>\n\t\t\t\t\t\t<\/div>\n\t\t\t\t<\/div>\n\t\t\t\t<div class=\"elementor-element elementor-element-afcb466 elementor-widget elementor-widget-text-editor\" data-id=\"afcb466\" data-element_type=\"widget\" data-widget_type=\"text-editor.default\">\n\t\t\t\t<div class=\"elementor-widget-container\">\n\t\t\t\t\t\t\t\t\t<p>Telefona-nos ou envia-nos um e-mail<\/p>\t\t\t\t\t\t\t\t<\/div>\n\t\t\t\t<\/div>\n\t\t<div class=\"elementor-element elementor-element-e6be47a e-con-full e-flex e-con e-child\" data-id=\"e6be47a\" data-element_type=\"container\">\n\t\t<div class=\"elementor-element elementor-element-2721815 e-con-full e-flex e-con e-child\" data-id=\"2721815\" data-element_type=\"container\">\n\t\t\t\t<div class=\"elementor-element elementor-element-77c0e9c elementor-widget elementor-widget-image\" data-id=\"77c0e9c\" data-element_type=\"widget\" data-widget_type=\"image.default\">\n\t\t\t\t<div class=\"elementor-widget-container\">\n\t\t\t\t\t\t\t\t\t\t\t\t\t\t\t<img decoding=\"async\" width=\"65\" height=\"66\" src=\"https:\/\/kuris.de\/wp-content\/uploads\/2025\/04\/KURIS-icon_phone.webp\" class=\"attachment-large size-large wp-image-6071\" alt=\"\" \/>\t\t\t\t\t\t\t\t\t\t\t\t\t\t\t<\/div>\n\t\t\t\t<\/div>\n\t\t\t\t<div class=\"elementor-element elementor-element-d4f009c elementor-widget elementor-widget-heading\" data-id=\"d4f009c\" data-element_type=\"widget\" data-widget_type=\"heading.default\">\n\t\t\t\t<div class=\"elementor-widget-container\">\n\t\t\t\t\t<h2 class=\"elementor-heading-title elementor-size-default\"><a href=\"tel:+49%207334%2092480-0%E2%80%8B\">+49 7334 92480-0<\/a><\/h2>\t\t\t\t<\/div>\n\t\t\t\t<\/div>\n\t\t\t\t<\/div>\n\t\t<div class=\"elementor-element elementor-element-62b20d9 e-con-full e-flex e-con e-child\" data-id=\"62b20d9\" data-element_type=\"container\">\n\t\t\t\t<div class=\"elementor-element elementor-element-faf5d02 elementor-widget elementor-widget-image\" data-id=\"faf5d02\" data-element_type=\"widget\" data-widget_type=\"image.default\">\n\t\t\t\t<div class=\"elementor-widget-container\">\n\t\t\t\t\t\t\t\t\t\t\t\t\t\t\t<img loading=\"lazy\" decoding=\"async\" width=\"65\" height=\"46\" src=\"https:\/\/kuris.de\/wp-content\/uploads\/2025\/04\/KURIS-icon_email.webp\" class=\"attachment-large size-large wp-image-6070\" alt=\"\" \/>\t\t\t\t\t\t\t\t\t\t\t\t\t\t\t<\/div>\n\t\t\t\t<\/div>\n\t\t\t\t<div class=\"elementor-element elementor-element-23973bb elementor-widget elementor-widget-heading\" data-id=\"23973bb\" data-element_type=\"widget\" data-widget_type=\"heading.default\">\n\t\t\t\t<div class=\"elementor-widget-container\">\n\t\t\t\t\t<h2 class=\"elementor-heading-title elementor-size-default\"><a href=\"mailto:info@kuris.de\">info@kuris.de<\/a>\n<\/h2>\t\t\t\t<\/div>\n\t\t\t\t<\/div>\n\t\t\t\t<\/div>\n\t\t\t\t<\/div>\n\t\t\t\t<\/div>\n\t\t\t\t<div class=\"elementor-element elementor-element-73a3502 elementor-widget elementor-widget-spacer\" data-id=\"73a3502\" data-element_type=\"widget\" data-widget_type=\"spacer.default\">\n\t\t\t\t<div class=\"elementor-widget-container\">\n\t\t\t\t\t\t\t<div class=\"elementor-spacer\">\n\t\t\t<div class=\"elementor-spacer-inner\"><\/div>\n\t\t<\/div>\n\t\t\t\t\t\t<\/div>\n\t\t\t\t<\/div>\n\t\t\t\t<\/div>\n\t\t\t\t<\/div>\n\t\t<div class=\"elementor-element elementor-element-68b83c3 e-con-full e-flex e-con e-child\" data-id=\"68b83c3\" data-element_type=\"container\">\n\t\t\t\t<div class=\"elementor-element elementor-element-018b729 elementor-widget elementor-widget-image\" data-id=\"018b729\" data-element_type=\"widget\" data-widget_type=\"image.default\">\n\t\t\t\t<div class=\"elementor-widget-container\">\n\t\t\t\t\t\t\t\t\t\t\t\t\t\t\t<img loading=\"lazy\" decoding=\"async\" width=\"800\" height=\"600\" src=\"https:\/\/kuris.de\/wp-content\/uploads\/2025\/04\/website-Kuris_karriere_bild2.jpg\" class=\"attachment-large size-large wp-image-6069\" alt=\"\" srcset=\"https:\/\/kuris.de\/wp-content\/uploads\/2025\/04\/website-Kuris_karriere_bild2.jpg 972w, https:\/\/kuris.de\/wp-content\/uploads\/2025\/04\/website-Kuris_karriere_bild2-300x225.jpg 300w, https:\/\/kuris.de\/wp-content\/uploads\/2025\/04\/website-Kuris_karriere_bild2-768x576.jpg 768w\" sizes=\"(max-width: 800px) 100vw, 800px\" \/>\t\t\t\t\t\t\t\t\t\t\t\t\t\t\t<\/div>\n\t\t\t\t<\/div>\n\t\t\t\t<\/div>\n\t\t\t\t\t<\/div>\n\t\t\t\t<\/div>\n\t\t\t\t<\/div>\n\t\t","protected":false},"excerpt":{"rendered":"<p>Carreira Desenvolvemos m\u00e1quinas. E o teu futuro. H\u00e1 mais de 100 anos que somos sin\u00f3nimo de solu\u00e7\u00f5es de m\u00e1quinas robustas e inteligentes em todo o mundo. O que nos torna fortes? Muito simplesmente. Os nossos colaboradores e as suas compet\u00eancias. Quer seja na produ\u00e7\u00e3o, nas vendas ou no desenvolvimento: cada ideia, cada movimento e cada [&hellip;]<\/p>\n","protected":false},"author":4,"featured_media":0,"parent":6131,"menu_order":0,"comment_status":"closed","ping_status":"closed","template":"","meta":{"_acf_changed":false,"footnotes":""},"class_list":["post-6063","page","type-page","status-publish","hentry"],"acf":[],"_links":{"self":[{"href":"https:\/\/kuris.de\/pt-pt\/wp-json\/wp\/v2\/pages\/6063","targetHints":{"allow":["GET"]}}],"collection":[{"href":"https:\/\/kuris.de\/pt-pt\/wp-json\/wp\/v2\/pages"}],"about":[{"href":"https:\/\/kuris.de\/pt-pt\/wp-json\/wp\/v2\/types\/page"}],"author":[{"embeddable":true,"href":"https:\/\/kuris.de\/pt-pt\/wp-json\/wp\/v2\/users\/4"}],"replies":[{"embeddable":true,"href":"https:\/\/kuris.de\/pt-pt\/wp-json\/wp\/v2\/comments?post=6063"}],"version-history":[{"count":2,"href":"https:\/\/kuris.de\/pt-pt\/wp-json\/wp\/v2\/pages\/6063\/revisions"}],"predecessor-version":[{"id":8362,"href":"https:\/\/kuris.de\/pt-pt\/wp-json\/wp\/v2\/pages\/6063\/revisions\/8362"}],"up":[{"embeddable":true,"href":"https:\/\/kuris.de\/pt-pt\/wp-json\/wp\/v2\/pages\/6131"}],"wp:attachment":[{"href":"https:\/\/kuris.de\/pt-pt\/wp-json\/wp\/v2\/media?parent=6063"}],"curies":[{"name":"wp","href":"https:\/\/api.w.org\/{rel}","templated":true}]}}