{"id":5614,"date":"2025-08-20T08:47:58","date_gmt":"2025-08-20T06:47:58","guid":{"rendered":"https:\/\/kuris.de\/impressao\/"},"modified":"2025-10-14T08:03:35","modified_gmt":"2025-10-14T06:03:35","slug":"impressao","status":"publish","type":"page","link":"https:\/\/kuris.de\/pt-pt\/impressao\/","title":{"rendered":"Impress\u00e3o"},"content":{"rendered":"\t\t<div data-elementor-type=\"wp-page\" data-elementor-id=\"5614\" class=\"elementor elementor-5614 elementor-5192\" data-elementor-post-type=\"page\">\n\t\t\t\t<div class=\"elementor-element elementor-element-250e324 e-flex e-con-boxed e-con e-parent\" data-id=\"250e324\" data-element_type=\"container\">\n\t\t\t\t\t<div class=\"e-con-inner\">\n\t\t\t\t<div class=\"elementor-element elementor-element-e67570f elementor-widget elementor-widget-heading\" data-id=\"e67570f\" data-element_type=\"widget\" data-widget_type=\"heading.default\">\n\t\t\t\t<div class=\"elementor-widget-container\">\n\t\t\t\t\t<h2 class=\"elementor-heading-title elementor-size-default\">Impress\u00e3o<\/h2>\t\t\t\t<\/div>\n\t\t\t\t<\/div>\n\t\t\t\t\t<\/div>\n\t\t\t\t<\/div>\n\t\t<div class=\"elementor-element elementor-element-ee8bf22 e-flex e-con-boxed e-con e-parent\" data-id=\"ee8bf22\" data-element_type=\"container\">\n\t\t\t\t\t<div class=\"e-con-inner\">\n\t\t\t\t<div class=\"elementor-element elementor-element-83ce3a3 elementor-widget elementor-widget-text-editor\" data-id=\"83ce3a3\" data-element_type=\"widget\" data-widget_type=\"text-editor.default\">\n\t\t\t\t<div class=\"elementor-widget-container\">\n\t\t\t\t\t\t\t\t\t<p>Informa\u00e7\u00e3o de acordo com o \u00a7 5 TMG<\/p><p>KURIS Spezialmaschinen GmbH<br>Degginger Stra\u00dfe 6<br>73326 Deggingen\/Reichenbach<\/p><p>Registo comercial: HRB 541 720<br>Tribunal de registo: Tribunal local de Ulm<\/p><p><strong>Representados por:<\/strong><br>Sven Gassenmayer, Erdal Ayg\u00fcn<\/p><p><b>Contato<\/b><\/p><p>Telefone: +49 (0) 7334 \/ 924 80-0<br>E-mail: <a href=\"mailto:info@kuris.de\">info@kuris.de<\/a><\/p><p>N\u00famero de identifica\u00e7\u00e3o fiscal de acordo com o \u00a727 a da lei do imposto sobre vendas:<br>DE 814441908<\/p><p>N\u00e3o estamos dispostos ou obrigados a participar num processo de resolu\u00e7\u00e3o de lit\u00edgios perante uma comiss\u00e3o de arbitragem de consumidores.<\/p><p><b>Responsabilidade pelo conte\u00fado<\/b><\/p><p>Como prestador de servi\u00e7os, somos respons\u00e1veis pelo nosso pr\u00f3prio conte\u00fado nestas p\u00e1ginas, de acordo com o \u00a7 7 (1) da TMG (Lei Alem\u00e3 de Telem\u00e9dia) e a legisla\u00e7\u00e3o geral. No entanto, de acordo com os \u00a7\u00a7 8 a 10 da TMG, n\u00f3s, como prestadores de servi\u00e7os, n\u00e3o somos obrigados a monitorizar informa\u00e7\u00f5es transmitidas ou armazenadas de terceiros ou a investigar circunst\u00e2ncias que indiquem atividade ilegal.  <\/p><p>As obriga\u00e7\u00f5es de remover ou bloquear a utiliza\u00e7\u00e3o de informa\u00e7\u00f5es, de acordo com a legisla\u00e7\u00e3o geral, n\u00e3o s\u00e3o afectadas por esta situa\u00e7\u00e3o. No entanto, a responsabilidade a este respeito s\u00f3 \u00e9 poss\u00edvel a partir do momento em que tomamos conhecimento de uma infra\u00e7\u00e3o espec\u00edfica. Assim que tivermos conhecimento de tais infrac\u00e7\u00f5es, removeremos imediatamente esse conte\u00fado.  <\/p><p><b>Responsabilidade pelas liga\u00e7\u00f5es<\/b><\/p><p>O nosso s\u00edtio Web cont\u00e9m liga\u00e7\u00f5es para s\u00edtios Web externos de terceiros sobre cujo conte\u00fado n\u00e3o temos qualquer influ\u00eancia. Por conseguinte, n\u00e3o podemos aceitar qualquer responsabilidade por este conte\u00fado de terceiros. O respetivo fornecedor ou operador das p\u00e1ginas \u00e9 sempre respons\u00e1vel pelo conte\u00fado das p\u00e1ginas ligadas. No momento da liga\u00e7\u00e3o, as p\u00e1ginas ligadas foram verificadas quanto a poss\u00edveis viola\u00e7\u00f5es da lei. N\u00e3o foram detectados conte\u00fados ilegais no momento da liga\u00e7\u00e3o.    <\/p><p>No entanto, o controlo permanente do conte\u00fado das p\u00e1ginas ligadas n\u00e3o \u00e9 razo\u00e1vel sem provas concretas de uma infra\u00e7\u00e3o. Se tivermos conhecimento de quaisquer infrac\u00e7\u00f5es legais, removeremos imediatamente essas liga\u00e7\u00f5es. <\/p><p><b>Direitos de autor<\/b><\/p><p>Os conte\u00fados e trabalhos criados pelos operadores do s\u00edtio nestas p\u00e1ginas est\u00e3o sujeitos \u00e0 lei alem\u00e3 dos direitos de autor. A duplica\u00e7\u00e3o, processamento, distribui\u00e7\u00e3o e qualquer tipo de utiliza\u00e7\u00e3o fora dos limites da lei de direitos de autor requerem o consentimento escrito do respetivo autor ou criador. Os downloads e c\u00f3pias deste site s\u00f3 s\u00e3o permitidos para uso privado e n\u00e3o comercial.  <\/p><p>Na medida em que o conte\u00fado deste s\u00edtio n\u00e3o foi criado pelo operador, os direitos de autor de terceiros s\u00e3o respeitados. Em particular, os conte\u00fados de terceiros s\u00e3o assinalados como tal. Se, no entanto, tiveres conhecimento de uma viola\u00e7\u00e3o de direitos de autor, informa-nos. Se tivermos conhecimento de qualquer infra\u00e7\u00e3o, removeremos imediatamente esse conte\u00fado.   <\/p><p><a href=\"https:\/\/kuris.de\/wp-content\/uploads\/2025\/08\/Lieferungs-_und_Zahlungsbedingungen.pdf\" target=\"_blank\" rel=\"noopener\"><b>Termos e condi\u00e7\u00f5es gerais (AGB)<\/b><\/a><\/p><p><a href=\"http:\/\/www.rwb-efre.baden-wuerttemberg.de\" target=\"_blank\" rel=\"noopener\"><b>Fundo Europeu de Desenvolvimento Regional<\/b><\/a><\/p><p> <\/p>\t\t\t\t\t\t\t\t<\/div>\n\t\t\t\t<\/div>\n\t\t\t\t\t<\/div>\n\t\t\t\t<\/div>\n\t\t\t\t<\/div>\n\t\t","protected":false},"excerpt":{"rendered":"<p>Impress\u00e3o Informa\u00e7\u00e3o de acordo com o \u00a7 5 TMG KURIS Spezialmaschinen GmbHDegginger Stra\u00dfe 673326 Deggingen\/Reichenbach Registo comercial: HRB 541 720Tribunal de registo: Tribunal local de Ulm Representados por:Sven Gassenmayer, Erdal Ayg\u00fcn Contato Telefone: +49 (0) 7334 \/ 924 80-0E-mail: info@kuris.de N\u00famero de identifica\u00e7\u00e3o fiscal de acordo com o \u00a727 a da lei do imposto sobre [&hellip;]<\/p>\n","protected":false},"author":1,"featured_media":0,"parent":0,"menu_order":0,"comment_status":"closed","ping_status":"closed","template":"","meta":{"_acf_changed":false,"footnotes":""},"class_list":["post-5614","page","type-page","status-publish","hentry"],"acf":[],"_links":{"self":[{"href":"https:\/\/kuris.de\/pt-pt\/wp-json\/wp\/v2\/pages\/5614","targetHints":{"allow":["GET"]}}],"collection":[{"href":"https:\/\/kuris.de\/pt-pt\/wp-json\/wp\/v2\/pages"}],"about":[{"href":"https:\/\/kuris.de\/pt-pt\/wp-json\/wp\/v2\/types\/page"}],"author":[{"embeddable":true,"href":"https:\/\/kuris.de\/pt-pt\/wp-json\/wp\/v2\/users\/1"}],"replies":[{"embeddable":true,"href":"https:\/\/kuris.de\/pt-pt\/wp-json\/wp\/v2\/comments?post=5614"}],"version-history":[{"count":3,"href":"https:\/\/kuris.de\/pt-pt\/wp-json\/wp\/v2\/pages\/5614\/revisions"}],"predecessor-version":[{"id":6734,"href":"https:\/\/kuris.de\/pt-pt\/wp-json\/wp\/v2\/pages\/5614\/revisions\/6734"}],"wp:attachment":[{"href":"https:\/\/kuris.de\/pt-pt\/wp-json\/wp\/v2\/media?parent=5614"}],"curies":[{"name":"wp","href":"https:\/\/api.w.org\/{rel}","templated":true}]}}