{"id":6073,"date":"2025-04-02T16:34:14","date_gmt":"2025-04-02T14:34:14","guid":{"rendered":"https:\/\/kuris.de\/carriere\/"},"modified":"2025-10-14T08:02:04","modified_gmt":"2025-10-14T06:02:04","slug":"carriere","status":"publish","type":"page","link":"https:\/\/kuris.de\/fr\/societe\/carriere\/","title":{"rendered":"Carri\u00e8re"},"content":{"rendered":"\t\t<div data-elementor-type=\"wp-page\" data-elementor-id=\"6073\" class=\"elementor elementor-6073 elementor-1147\" data-elementor-post-type=\"page\">\n\t\t\t\t<div class=\"elementor-element elementor-element-768d0a4 e-con-full e-flex e-con e-parent\" data-id=\"768d0a4\" data-element_type=\"container\">\n\t\t\t\t<div class=\"elementor-element elementor-element-f7db923 elementor-widget elementor-widget-image\" data-id=\"f7db923\" data-element_type=\"widget\" data-widget_type=\"image.default\">\n\t\t\t\t<div class=\"elementor-widget-container\">\n\t\t\t\t\t\t\t\t\t\t\t\t\t\t\t<img fetchpriority=\"high\" decoding=\"async\" width=\"2560\" height=\"384\" src=\"https:\/\/kuris.de\/wp-content\/uploads\/2025\/04\/website-Kuris_karriere-header-scaled.jpg\" class=\"attachment-full size-full wp-image-6074\" alt=\"\" srcset=\"https:\/\/kuris.de\/wp-content\/uploads\/2025\/04\/website-Kuris_karriere-header-scaled.jpg 2560w, https:\/\/kuris.de\/wp-content\/uploads\/2025\/04\/website-Kuris_karriere-header-300x45.jpg 300w, https:\/\/kuris.de\/wp-content\/uploads\/2025\/04\/website-Kuris_karriere-header-1024x154.jpg 1024w, https:\/\/kuris.de\/wp-content\/uploads\/2025\/04\/website-Kuris_karriere-header-768x115.jpg 768w, https:\/\/kuris.de\/wp-content\/uploads\/2025\/04\/website-Kuris_karriere-header-1536x230.jpg 1536w, https:\/\/kuris.de\/wp-content\/uploads\/2025\/04\/website-Kuris_karriere-header-2048x307.jpg 2048w\" sizes=\"(max-width: 2560px) 100vw, 2560px\" \/>\t\t\t\t\t\t\t\t\t\t\t\t\t\t\t<\/div>\n\t\t\t\t<\/div>\n\t\t\t\t<\/div>\n\t\t<div class=\"elementor-element elementor-element-592a635 e-con-full e-flex e-con e-parent\" data-id=\"592a635\" data-element_type=\"container\" data-settings=\"{&quot;background_background&quot;:&quot;classic&quot;}\">\n\t\t<div class=\"elementor-element elementor-element-e3d6e04 e-flex e-con-boxed e-con e-child\" data-id=\"e3d6e04\" data-element_type=\"container\">\n\t\t\t\t\t<div class=\"e-con-inner\">\n\t\t<div class=\"elementor-element elementor-element-63e4f9b e-con-full e-flex e-con e-child\" data-id=\"63e4f9b\" data-element_type=\"container\" data-settings=\"{&quot;background_background&quot;:&quot;classic&quot;}\">\n\t\t\t\t<div class=\"elementor-element elementor-element-8b85161 elementor-widget elementor-widget-heading\" data-id=\"8b85161\" data-element_type=\"widget\" data-widget_type=\"heading.default\">\n\t\t\t\t<div class=\"elementor-widget-container\">\n\t\t\t\t\t<h2 class=\"elementor-heading-title elementor-size-default\">Carri\u00e8re<\/h2>\t\t\t\t<\/div>\n\t\t\t\t<\/div>\n\t\t\t\t<\/div>\n\t\t\t\t\t<\/div>\n\t\t\t\t<\/div>\n\t\t\t\t<\/div>\n\t\t<div class=\"elementor-element elementor-element-b8754db e-flex e-con-boxed e-con e-parent\" data-id=\"b8754db\" data-element_type=\"container\" data-settings=\"{&quot;background_background&quot;:&quot;classic&quot;}\">\n\t\t\t\t\t<div class=\"e-con-inner\">\n\t\t<div class=\"elementor-element elementor-element-c53f959 e-con-full e-flex e-con e-child\" data-id=\"c53f959\" data-element_type=\"container\">\n\t\t<div class=\"elementor-element elementor-element-dcb4801 e-con-full e-flex e-con e-child\" data-id=\"dcb4801\" data-element_type=\"container\" data-settings=\"{&quot;background_background&quot;:&quot;classic&quot;}\">\n\t\t<div class=\"elementor-element elementor-element-761995d e-con-full e-flex e-con e-child\" data-id=\"761995d\" data-element_type=\"container\">\n\t\t<div class=\"elementor-element elementor-element-d5afa6d e-con-full e-flex e-con e-child\" data-id=\"d5afa6d\" data-element_type=\"container\">\n\t\t\t\t<div class=\"elementor-element elementor-element-c5e6a2d elementor-widget__width-auto elementor-widget elementor-widget-heading\" data-id=\"c5e6a2d\" data-element_type=\"widget\" data-widget_type=\"heading.default\">\n\t\t\t\t<div class=\"elementor-widget-container\">\n\t\t\t\t\t<h2 class=\"elementor-heading-title elementor-size-default\">Nous d\u00e9veloppons des machines. Et votre avenir.   <\/h2>\t\t\t\t<\/div>\n\t\t\t\t<\/div>\n\t\t\t\t<div class=\"elementor-element elementor-element-a836123 elementor-widget elementor-widget-spacer\" data-id=\"a836123\" data-element_type=\"widget\" data-widget_type=\"spacer.default\">\n\t\t\t\t<div class=\"elementor-widget-container\">\n\t\t\t\t\t\t\t<div class=\"elementor-spacer\">\n\t\t\t<div class=\"elementor-spacer-inner\"><\/div>\n\t\t<\/div>\n\t\t\t\t\t\t<\/div>\n\t\t\t\t<\/div>\n\t\t\t\t<div class=\"elementor-element elementor-element-b65a312 elementor-widget elementor-widget-text-editor\" data-id=\"b65a312\" data-element_type=\"widget\" data-widget_type=\"text-editor.default\">\n\t\t\t\t<div class=\"elementor-widget-container\">\n\t\t\t\t\t\t\t\t\t<p>Depuis plus de 100 ans, nous proposons des solutions de machines robustes et intelligentes dans le monde entier. Ce qui fait notre force ? C&rsquo;est tr\u00e8s simple. Nos collaborateurs et leurs comp\u00e9tences. Que ce soit dans la production, la vente ou le d\u00e9veloppement, chaque id\u00e9e, chaque geste et chaque perspective comptent pour nous.    <\/p><p>Nos produits &#8211; de la machine \u00e0 couper les tissus industriels \u00e0 la machine de d\u00e9coupe en passant par la planteuse &#8211; sont demand\u00e9s \u00e0 l&rsquo;\u00e9chelle internationale. Nous fournissons les secteurs de l&rsquo;ameublement, de la mode, de l&rsquo;automobile, de l&rsquo;ing\u00e9nierie et de la d\u00e9fense. Cela semble passionnant pour vous ? C&rsquo;est le cas.   <\/p><p>Car travailler ici, c&rsquo;est travailler \u00e0 quelque chose qui restera. Au sein d&rsquo;une \u00e9quipe soud\u00e9e, avec une hi\u00e9rarchie horizontale et des lignes de communication courtes. Et toujours le sentiment que les machines de d\u00e9coupe pour le textile ne sont pas seulement notre force, mais qu&rsquo;elles peuvent aussi \u00eatre votre avenir. Qu&rsquo;est-ce que vous attendez ? Nous sommes impatients d&rsquo;avoir de vos nouvelles.    <\/p>\t\t\t\t\t\t\t\t<\/div>\n\t\t\t\t<\/div>\n\t\t\t\t<\/div>\n\t\t\t\t<\/div>\n\t\t<div class=\"elementor-element elementor-element-d8f68fa e-con-full e-flex e-con e-child\" data-id=\"d8f68fa\" data-element_type=\"container\">\n\t\t<div class=\"elementor-element elementor-element-5cda5e9 e-con-full e-flex e-con e-child\" data-id=\"5cda5e9\" data-element_type=\"container\">\n\t\t\t\t<div class=\"elementor-element elementor-element-1f1561d elementor-widget elementor-widget-heading\" data-id=\"1f1561d\" data-element_type=\"widget\" data-widget_type=\"heading.default\">\n\t\t\t\t<div class=\"elementor-widget-container\">\n\t\t\t\t\t<h2 class=\"elementor-heading-title elementor-size-default\">valorisant<\/h2>\t\t\t\t<\/div>\n\t\t\t\t<\/div>\n\t\t\t\t<div class=\"elementor-element elementor-element-f45f26e elementor-widget elementor-widget-text-editor\" data-id=\"f45f26e\" data-element_type=\"widget\" data-widget_type=\"text-editor.default\">\n\t\t\t\t<div class=\"elementor-widget-container\">\n\t\t\t\t\t\t\t\t\t<p>Chaque id\u00e9e compte, chaque contribution fait la diff\u00e9rence.<\/p>\t\t\t\t\t\t\t\t<\/div>\n\t\t\t\t<\/div>\n\t\t\t\t<\/div>\n\t\t<div class=\"elementor-element elementor-element-0f7a574 e-con-full e-flex e-con e-child\" data-id=\"0f7a574\" data-element_type=\"container\">\n\t\t\t\t<div class=\"elementor-element elementor-element-63373c6 elementor-widget elementor-widget-heading\" data-id=\"63373c6\" data-element_type=\"widget\" data-widget_type=\"heading.default\">\n\t\t\t\t<div class=\"elementor-widget-container\">\n\t\t\t\t\t<h2 class=\"elementor-heading-title elementor-size-default\">promotionnel<\/h2>\t\t\t\t<\/div>\n\t\t\t\t<\/div>\n\t\t\t\t<div class=\"elementor-element elementor-element-109187d elementor-widget elementor-widget-text-editor\" data-id=\"109187d\" data-element_type=\"widget\" data-widget_type=\"text-editor.default\">\n\t\t\t\t<div class=\"elementor-widget-container\">\n\t\t\t\t\t\t\t\t\t<p>Nous ne d\u00e9veloppons pas seulement des machines, mais aussi des personnes.<\/p>\t\t\t\t\t\t\t\t<\/div>\n\t\t\t\t<\/div>\n\t\t\t\t<\/div>\n\t\t<div class=\"elementor-element elementor-element-a898056 e-con-full e-flex e-con e-child\" data-id=\"a898056\" data-element_type=\"container\">\n\t\t\t\t<div class=\"elementor-element elementor-element-62c4aea elementor-widget elementor-widget-heading\" data-id=\"62c4aea\" data-element_type=\"widget\" data-widget_type=\"heading.default\">\n\t\t\t\t<div class=\"elementor-widget-container\">\n\t\t\t\t\t<h2 class=\"elementor-heading-title elementor-size-default\">fiable<\/h2>\t\t\t\t<\/div>\n\t\t\t\t<\/div>\n\t\t\t\t<div class=\"elementor-element elementor-element-baf0aa0 elementor-widget elementor-widget-text-editor\" data-id=\"baf0aa0\" data-element_type=\"widget\" data-widget_type=\"text-editor.default\">\n\t\t\t\t<div class=\"elementor-widget-container\">\n\t\t\t\t\t\t\t\t\t<p>Depuis plus de 100 ans, l&rsquo;esprit d&rsquo;\u00e9quipe et la technique font la force.<\/p>\t\t\t\t\t\t\t\t<\/div>\n\t\t\t\t<\/div>\n\t\t\t\t<\/div>\n\t\t<div class=\"elementor-element elementor-element-ff0401d e-con-full e-flex e-con e-child\" data-id=\"ff0401d\" data-element_type=\"container\">\n\t\t\t\t<div class=\"elementor-element elementor-element-9efedf1 elementor-widget elementor-widget-heading\" data-id=\"9efedf1\" data-element_type=\"widget\" data-widget_type=\"heading.default\">\n\t\t\t\t<div class=\"elementor-widget-container\">\n\t\t\t\t\t<h2 class=\"elementor-heading-title elementor-size-default\">coll\u00e9gialit\u00e9<\/h2>\t\t\t\t<\/div>\n\t\t\t\t<\/div>\n\t\t\t\t<div class=\"elementor-element elementor-element-1c005cb elementor-widget elementor-widget-text-editor\" data-id=\"1c005cb\" data-element_type=\"widget\" data-widget_type=\"text-editor.default\">\n\t\t\t\t<div class=\"elementor-widget-container\">\n\t\t\t\t\t\t\t\t\t<p>Des lignes courtes, des relations ouvertes,<br>un v\u00e9ritable sentiment d&rsquo;appartenance.<\/p>\t\t\t\t\t\t\t\t<\/div>\n\t\t\t\t<\/div>\n\t\t\t\t<\/div>\n\t\t\t\t<\/div>\n\t\t\t\t<\/div>\n\t\t\t\t<\/div>\n\t\t\t\t\t<\/div>\n\t\t\t\t<\/div>\n\t\t<div class=\"elementor-element elementor-element-b8d3f4a e-flex e-con-boxed e-con e-parent\" data-id=\"b8d3f4a\" data-element_type=\"container\">\n\t\t\t\t\t<div class=\"e-con-inner\">\n\t\t<div class=\"elementor-element elementor-element-943a895 e-con-full e-flex e-con e-child\" data-id=\"943a895\" data-element_type=\"container\" data-settings=\"{&quot;background_background&quot;:&quot;classic&quot;}\">\n\t\t\t\t<div class=\"elementor-element elementor-element-70fc9c8 elementor-widget__width-auto elementor-widget elementor-widget-heading\" data-id=\"70fc9c8\" data-element_type=\"widget\" data-widget_type=\"heading.default\">\n\t\t\t\t<div class=\"elementor-widget-container\">\n\t\t\t\t\t<h2 class=\"elementor-heading-title elementor-size-default\">Offres d'emploi<\/h2>\t\t\t\t<\/div>\n\t\t\t\t<\/div>\n\t\t\t\t<div class=\"elementor-element elementor-element-de0d4e6 elementor-widget elementor-widget-spacer\" data-id=\"de0d4e6\" data-element_type=\"widget\" data-widget_type=\"spacer.default\">\n\t\t\t\t<div class=\"elementor-widget-container\">\n\t\t\t\t\t\t\t<div class=\"elementor-spacer\">\n\t\t\t<div class=\"elementor-spacer-inner\"><\/div>\n\t\t<\/div>\n\t\t\t\t\t\t<\/div>\n\t\t\t\t<\/div>\n\t\t\t\t<div class=\"elementor-element elementor-element-f873c03 elementor-widget elementor-widget-text-editor\" data-id=\"f873c03\" data-element_type=\"widget\" data-widget_type=\"text-editor.default\">\n\t\t\t\t<div class=\"elementor-widget-container\">\n\t\t\t\t\t\t\t\t\t<p>La fiabilit\u00e9, l&rsquo;esprit d&rsquo;\u00e9quipe et l&rsquo;engagement comptent plus pour nous que des CV parfaits. Car l&rsquo;expertise se construit &#8211; vous apportez l&rsquo;attitude et la motivation. Si vous avez le sens de la r\u00e9flexion et des responsabilit\u00e9s et que vous avez envie de travailler ensemble, Kuris est l&rsquo;entreprise qu&rsquo;il vous faut.  <\/p><p>Vous trouverez nos offres d&#8217;emploi actuelles sur notre portail d&#8217;emploi ci-dessous. Veuillez postuler directement en ligne &#8211; nous n&rsquo;envoyons pas de candidatures par courrier. Merci beaucoup !  <\/p>\t\t\t\t\t\t\t\t<\/div>\n\t\t\t\t<\/div>\n\t\t\t\t<\/div>\n\t\t\t\t<div class=\"elementor-element elementor-element-ef848ad elementor-widget elementor-widget-html\" data-id=\"ef848ad\" data-element_type=\"widget\" data-widget_type=\"html.default\">\n\t\t\t\t<div class=\"elementor-widget-container\">\n\t\t\t\t\t <div class=\"brlbs-cmpnt-container brlbs-cmpnt-content-blocker brlbs-cmpnt-with-individual-styles\" data-borlabs-cookie-content-blocker-id=\"default\" data-borlabs-cookie-content=\"PGlmcmFtZSBzcmM9Imh0dHBzOi8vam9iYXBwbGljYXRpb24uaHJ3b3Jrcy5kZS9kZT9jb21wYW55SWQ9YmdkOTI0MGEiIGhlaWdodD0iMTYwMHB4OyI+PC9pZnJhbWU+\"><div class=\"brlbs-cmpnt-cb-preset-a\"> <p class=\"brlbs-cmpnt-cb-description\">Vous \u00eates actuellement en train de consulter le contenu d'un espace r\u00e9serv\u00e9 de <strong>Par d\u00e9faut<\/strong>. Pour acc\u00e9der au contenu r\u00e9el, cliquez sur le bouton ci-dessous. Veuillez noter que ce faisant, des donn\u00e9es seront partag\u00e9es avec des providers tiers.<\/p> <div class=\"brlbs-cmpnt-cb-buttons\"> <a class=\"brlbs-cmpnt-cb-btn\" href=\"#\" data-borlabs-cookie-unblock role=\"button\">D\u00e9bloquer le contenu<\/a> <a class=\"brlbs-cmpnt-cb-btn\" href=\"#\" data-borlabs-cookie-accept-service role=\"button\" style=\"display: none\">Accepter le service requis et d\u00e9bloquer les contenus<\/a> <\/div> <a class=\"brlbs-cmpnt-cb-provider-toggle\" href=\"#\" data-borlabs-cookie-show-provider-information role=\"button\">Plus d'informations<\/a> <\/div><\/div>\n\t\t\t\t<\/div>\n\t\t\t\t<\/div>\n\t\t\t\t\t<\/div>\n\t\t\t\t<\/div>\n\t\t<div class=\"elementor-element elementor-element-6326e47 e-flex e-con-boxed e-con e-parent\" data-id=\"6326e47\" data-element_type=\"container\" data-settings=\"{&quot;background_background&quot;:&quot;classic&quot;}\">\n\t\t\t\t\t<div class=\"e-con-inner\">\n\t\t<div class=\"elementor-element elementor-element-08bba1a e-con-full e-flex e-con e-child\" data-id=\"08bba1a\" data-element_type=\"container\">\n\t\t<div class=\"elementor-element elementor-element-6487b72 e-con-full e-flex e-con e-child\" data-id=\"6487b72\" data-element_type=\"container\">\n\t\t\t\t<div class=\"elementor-element elementor-element-504fc0b elementor-widget__width-auto elementor-widget elementor-widget-heading\" data-id=\"504fc0b\" data-element_type=\"widget\" data-widget_type=\"heading.default\">\n\t\t\t\t<div class=\"elementor-widget-container\">\n\t\t\t\t\t<h2 class=\"elementor-heading-title elementor-size-default\">Formation avec perspectives<\/h2>\t\t\t\t<\/div>\n\t\t\t\t<\/div>\n\t\t\t\t<div class=\"elementor-element elementor-element-2fb32e6 elementor-widget elementor-widget-spacer\" data-id=\"2fb32e6\" data-element_type=\"widget\" data-widget_type=\"spacer.default\">\n\t\t\t\t<div class=\"elementor-widget-container\">\n\t\t\t\t\t\t\t<div class=\"elementor-spacer\">\n\t\t\t<div class=\"elementor-spacer-inner\"><\/div>\n\t\t<\/div>\n\t\t\t\t\t\t<\/div>\n\t\t\t\t<\/div>\n\t\t\t\t<div class=\"elementor-element elementor-element-98f176d elementor-widget elementor-widget-text-editor\" data-id=\"98f176d\" data-element_type=\"widget\" data-widget_type=\"text-editor.default\">\n\t\t\t\t<div class=\"elementor-widget-container\">\n\t\t\t\t\t\t\t\t\t<p>Depuis de nombreuses ann\u00e9es, nous formons avec succ\u00e8s &#8211; et avec des perspectives \u00e0 long terme. Beaucoup de nos anciens apprentis font aujourd&rsquo;hui partie int\u00e9grante de notre \u00e9quipe. Nous en sommes fiers &#8211; et nous sommes heureux d&rsquo;accueillir tous ceux qui souhaitent commencer leur carri\u00e8re avec nous.  <\/p><p>Vous trouverez les postes de formation actuels sur notre portail emploi.<br>Veuillez postuler directement en ligne &#8211; nous ne pouvons malheureusement pas prendre en compte les candidatures envoy\u00e9es par courrier. Merci beaucoup ! <\/p>\t\t\t\t\t\t\t\t<\/div>\n\t\t\t\t<\/div>\n\t\t\t\t<\/div>\n\t\t\t\t<div class=\"elementor-element elementor-element-9e2f82c elementor-widget elementor-widget-spacer\" data-id=\"9e2f82c\" data-element_type=\"widget\" data-widget_type=\"spacer.default\">\n\t\t\t\t<div class=\"elementor-widget-container\">\n\t\t\t\t\t\t\t<div class=\"elementor-spacer\">\n\t\t\t<div class=\"elementor-spacer-inner\"><\/div>\n\t\t<\/div>\n\t\t\t\t\t\t<\/div>\n\t\t\t\t<\/div>\n\t\t\t\t<\/div>\n\t\t<div class=\"elementor-element elementor-element-1188e05 e-con-full e-flex e-con e-child\" data-id=\"1188e05\" data-element_type=\"container\">\n\t\t\t\t<div class=\"elementor-element elementor-element-6c25180 elementor-widget elementor-widget-image\" data-id=\"6c25180\" data-element_type=\"widget\" data-widget_type=\"image.default\">\n\t\t\t\t<div class=\"elementor-widget-container\">\n\t\t\t\t\t\t\t\t\t\t\t\t\t\t\t<img decoding=\"async\" width=\"800\" height=\"772\" src=\"https:\/\/kuris.de\/wp-content\/uploads\/2025\/04\/website-Kuris_karriere_bild1.jpg\" class=\"attachment-large size-large wp-image-6078\" alt=\"\" srcset=\"https:\/\/kuris.de\/wp-content\/uploads\/2025\/04\/website-Kuris_karriere_bild1.jpg 972w, https:\/\/kuris.de\/wp-content\/uploads\/2025\/04\/website-Kuris_karriere_bild1-300x290.jpg 300w, https:\/\/kuris.de\/wp-content\/uploads\/2025\/04\/website-Kuris_karriere_bild1-768x741.jpg 768w\" sizes=\"(max-width: 800px) 100vw, 800px\" \/>\t\t\t\t\t\t\t\t\t\t\t\t\t\t\t<\/div>\n\t\t\t\t<\/div>\n\t\t\t\t<\/div>\n\t\t\t\t\t<\/div>\n\t\t\t\t<\/div>\n\t\t<div class=\"elementor-element elementor-element-2116259 e-flex e-con-boxed e-con e-parent\" data-id=\"2116259\" data-element_type=\"container\" data-settings=\"{&quot;background_background&quot;:&quot;classic&quot;}\">\n\t\t\t\t\t<div class=\"e-con-inner\">\n\t\t<div class=\"elementor-element elementor-element-1bc5f7f e-con-full e-flex e-con e-child\" data-id=\"1bc5f7f\" data-element_type=\"container\">\n\t\t<div class=\"elementor-element elementor-element-e7e6369 e-con-full e-flex e-con e-child\" data-id=\"e7e6369\" data-element_type=\"container\">\n\t\t<div class=\"elementor-element elementor-element-83e5742 e-con-full e-flex e-con e-child\" data-id=\"83e5742\" data-element_type=\"container\">\n\t\t\t\t<div class=\"elementor-element elementor-element-85ae5f1 elementor-widget__width-auto elementor-widget elementor-widget-heading\" data-id=\"85ae5f1\" data-element_type=\"widget\" data-widget_type=\"heading.default\">\n\t\t\t\t<div class=\"elementor-widget-container\">\n\t\t\t\t\t<h2 class=\"elementor-heading-title elementor-size-default\">D'autres questions ?\n<\/h2>\t\t\t\t<\/div>\n\t\t\t\t<\/div>\n\t\t\t\t<div class=\"elementor-element elementor-element-fd9a1fd elementor-widget elementor-widget-spacer\" data-id=\"fd9a1fd\" data-element_type=\"widget\" data-widget_type=\"spacer.default\">\n\t\t\t\t<div class=\"elementor-widget-container\">\n\t\t\t\t\t\t\t<div class=\"elementor-spacer\">\n\t\t\t<div class=\"elementor-spacer-inner\"><\/div>\n\t\t<\/div>\n\t\t\t\t\t\t<\/div>\n\t\t\t\t<\/div>\n\t\t\t\t<div class=\"elementor-element elementor-element-afcb466 elementor-widget elementor-widget-text-editor\" data-id=\"afcb466\" data-element_type=\"widget\" data-widget_type=\"text-editor.default\">\n\t\t\t\t<div class=\"elementor-widget-container\">\n\t\t\t\t\t\t\t\t\t<p>Appelez-nous ou envoyez-nous un e-mail<\/p>\t\t\t\t\t\t\t\t<\/div>\n\t\t\t\t<\/div>\n\t\t<div class=\"elementor-element elementor-element-e6be47a e-con-full e-flex e-con e-child\" data-id=\"e6be47a\" data-element_type=\"container\">\n\t\t<div class=\"elementor-element elementor-element-2721815 e-con-full e-flex e-con e-child\" data-id=\"2721815\" data-element_type=\"container\">\n\t\t\t\t<div class=\"elementor-element elementor-element-77c0e9c elementor-widget elementor-widget-image\" data-id=\"77c0e9c\" data-element_type=\"widget\" data-widget_type=\"image.default\">\n\t\t\t\t<div class=\"elementor-widget-container\">\n\t\t\t\t\t\t\t\t\t\t\t\t\t\t\t<img decoding=\"async\" width=\"65\" height=\"66\" src=\"https:\/\/kuris.de\/wp-content\/uploads\/2025\/04\/KURIS-icon_phone.webp\" class=\"attachment-large size-large wp-image-6081\" alt=\"\" \/>\t\t\t\t\t\t\t\t\t\t\t\t\t\t\t<\/div>\n\t\t\t\t<\/div>\n\t\t\t\t<div class=\"elementor-element elementor-element-d4f009c elementor-widget elementor-widget-heading\" data-id=\"d4f009c\" data-element_type=\"widget\" data-widget_type=\"heading.default\">\n\t\t\t\t<div class=\"elementor-widget-container\">\n\t\t\t\t\t<h2 class=\"elementor-heading-title elementor-size-default\"><a href=\"tel:+49%207334%2092480-0%E2%80%8B\">+49 7334 92480-0<\/a><\/h2>\t\t\t\t<\/div>\n\t\t\t\t<\/div>\n\t\t\t\t<\/div>\n\t\t<div class=\"elementor-element elementor-element-62b20d9 e-con-full e-flex e-con e-child\" data-id=\"62b20d9\" data-element_type=\"container\">\n\t\t\t\t<div class=\"elementor-element elementor-element-faf5d02 elementor-widget elementor-widget-image\" data-id=\"faf5d02\" data-element_type=\"widget\" data-widget_type=\"image.default\">\n\t\t\t\t<div class=\"elementor-widget-container\">\n\t\t\t\t\t\t\t\t\t\t\t\t\t\t\t<img loading=\"lazy\" decoding=\"async\" width=\"65\" height=\"46\" src=\"https:\/\/kuris.de\/wp-content\/uploads\/2025\/04\/KURIS-icon_email.webp\" class=\"attachment-large size-large wp-image-6080\" alt=\"\" \/>\t\t\t\t\t\t\t\t\t\t\t\t\t\t\t<\/div>\n\t\t\t\t<\/div>\n\t\t\t\t<div class=\"elementor-element elementor-element-23973bb elementor-widget elementor-widget-heading\" data-id=\"23973bb\" data-element_type=\"widget\" data-widget_type=\"heading.default\">\n\t\t\t\t<div class=\"elementor-widget-container\">\n\t\t\t\t\t<h2 class=\"elementor-heading-title elementor-size-default\"><a href=\"mailto:info@kuris.de\">info@kuris.de<\/a>\n<\/h2>\t\t\t\t<\/div>\n\t\t\t\t<\/div>\n\t\t\t\t<\/div>\n\t\t\t\t<\/div>\n\t\t\t\t<\/div>\n\t\t\t\t<div class=\"elementor-element elementor-element-73a3502 elementor-widget elementor-widget-spacer\" data-id=\"73a3502\" data-element_type=\"widget\" data-widget_type=\"spacer.default\">\n\t\t\t\t<div class=\"elementor-widget-container\">\n\t\t\t\t\t\t\t<div class=\"elementor-spacer\">\n\t\t\t<div class=\"elementor-spacer-inner\"><\/div>\n\t\t<\/div>\n\t\t\t\t\t\t<\/div>\n\t\t\t\t<\/div>\n\t\t\t\t<\/div>\n\t\t\t\t<\/div>\n\t\t<div class=\"elementor-element elementor-element-68b83c3 e-con-full e-flex e-con e-child\" data-id=\"68b83c3\" data-element_type=\"container\">\n\t\t\t\t<div class=\"elementor-element elementor-element-018b729 elementor-widget elementor-widget-image\" data-id=\"018b729\" data-element_type=\"widget\" data-widget_type=\"image.default\">\n\t\t\t\t<div class=\"elementor-widget-container\">\n\t\t\t\t\t\t\t\t\t\t\t\t\t\t\t<img loading=\"lazy\" decoding=\"async\" width=\"800\" height=\"600\" src=\"https:\/\/kuris.de\/wp-content\/uploads\/2025\/04\/website-Kuris_karriere_bild2.jpg\" class=\"attachment-large size-large wp-image-6079\" alt=\"\" srcset=\"https:\/\/kuris.de\/wp-content\/uploads\/2025\/04\/website-Kuris_karriere_bild2.jpg 972w, https:\/\/kuris.de\/wp-content\/uploads\/2025\/04\/website-Kuris_karriere_bild2-300x225.jpg 300w, https:\/\/kuris.de\/wp-content\/uploads\/2025\/04\/website-Kuris_karriere_bild2-768x576.jpg 768w\" sizes=\"(max-width: 800px) 100vw, 800px\" \/>\t\t\t\t\t\t\t\t\t\t\t\t\t\t\t<\/div>\n\t\t\t\t<\/div>\n\t\t\t\t<\/div>\n\t\t\t\t\t<\/div>\n\t\t\t\t<\/div>\n\t\t\t\t<\/div>\n\t\t","protected":false},"excerpt":{"rendered":"<p>Carri\u00e8re Nous d\u00e9veloppons des machines. Et votre avenir. Depuis plus de 100 ans, nous proposons des solutions de machines robustes et intelligentes dans le monde entier. Ce qui fait notre force ? C&rsquo;est tr\u00e8s simple. Nos collaborateurs et leurs comp\u00e9tences. Que ce soit dans la production, la vente ou le d\u00e9veloppement, chaque id\u00e9e, chaque geste [&hellip;]<\/p>\n","protected":false},"author":4,"featured_media":0,"parent":6165,"menu_order":0,"comment_status":"closed","ping_status":"closed","template":"","meta":{"_acf_changed":false,"footnotes":""},"class_list":["post-6073","page","type-page","status-publish","hentry"],"acf":[],"_links":{"self":[{"href":"https:\/\/kuris.de\/fr\/wp-json\/wp\/v2\/pages\/6073","targetHints":{"allow":["GET"]}}],"collection":[{"href":"https:\/\/kuris.de\/fr\/wp-json\/wp\/v2\/pages"}],"about":[{"href":"https:\/\/kuris.de\/fr\/wp-json\/wp\/v2\/types\/page"}],"author":[{"embeddable":true,"href":"https:\/\/kuris.de\/fr\/wp-json\/wp\/v2\/users\/4"}],"replies":[{"embeddable":true,"href":"https:\/\/kuris.de\/fr\/wp-json\/wp\/v2\/comments?post=6073"}],"version-history":[{"count":2,"href":"https:\/\/kuris.de\/fr\/wp-json\/wp\/v2\/pages\/6073\/revisions"}],"predecessor-version":[{"id":8361,"href":"https:\/\/kuris.de\/fr\/wp-json\/wp\/v2\/pages\/6073\/revisions\/8361"}],"up":[{"embeddable":true,"href":"https:\/\/kuris.de\/fr\/wp-json\/wp\/v2\/pages\/6165"}],"wp:attachment":[{"href":"https:\/\/kuris.de\/fr\/wp-json\/wp\/v2\/media?parent=6073"}],"curies":[{"name":"wp","href":"https:\/\/api.w.org\/{rel}","templated":true}]}}