{"id":5619,"date":"2025-08-20T08:47:58","date_gmt":"2025-08-20T06:47:58","guid":{"rendered":"https:\/\/kuris.de\/mentions-legales\/"},"modified":"2025-10-14T08:03:35","modified_gmt":"2025-10-14T06:03:35","slug":"mentions-legales","status":"publish","type":"page","link":"https:\/\/kuris.de\/fr\/mentions-legales\/","title":{"rendered":"Mentions l\u00e9gales"},"content":{"rendered":"\t\t<div data-elementor-type=\"wp-page\" data-elementor-id=\"5619\" class=\"elementor elementor-5619 elementor-5192\" data-elementor-post-type=\"page\">\n\t\t\t\t<div class=\"elementor-element elementor-element-250e324 e-flex e-con-boxed e-con e-parent\" data-id=\"250e324\" data-element_type=\"container\">\n\t\t\t\t\t<div class=\"e-con-inner\">\n\t\t\t\t<div class=\"elementor-element elementor-element-e67570f elementor-widget elementor-widget-heading\" data-id=\"e67570f\" data-element_type=\"widget\" data-widget_type=\"heading.default\">\n\t\t\t\t<div class=\"elementor-widget-container\">\n\t\t\t\t\t<h2 class=\"elementor-heading-title elementor-size-default\">Mentions l\u00e9gales<\/h2>\t\t\t\t<\/div>\n\t\t\t\t<\/div>\n\t\t\t\t\t<\/div>\n\t\t\t\t<\/div>\n\t\t<div class=\"elementor-element elementor-element-ee8bf22 e-flex e-con-boxed e-con e-parent\" data-id=\"ee8bf22\" data-element_type=\"container\">\n\t\t\t\t\t<div class=\"e-con-inner\">\n\t\t\t\t<div class=\"elementor-element elementor-element-83ce3a3 elementor-widget elementor-widget-text-editor\" data-id=\"83ce3a3\" data-element_type=\"widget\" data-widget_type=\"text-editor.default\">\n\t\t\t\t<div class=\"elementor-widget-container\">\n\t\t\t\t\t\t\t\t\t<p>Informations conform\u00e9ment au \u00a7 5 TMG<\/p><p>KURIS Spezialmaschinen GmbH<br>Degginger Stra\u00dfe 6<br>73326 Deggingen\/Reichenbach<\/p><p>Registre du commerce : HRB 541 720<br>Tribunal d&rsquo;enregistrement : Tribunal d&rsquo;instance d&rsquo;Ulm<\/p><p><strong>Repr\u00e9sent\u00e9 par :<\/strong><br>Sven Gassenmayer, Erdal Ayg\u00fcn<\/p><p><b>Contact<\/b><\/p><p>T\u00e9l\u00e9phone : +49 (0) 7334 \/ 924 80-0<br>E-mail : <a href=\"mailto:info@kuris.de\">info@kuris.de<\/a><\/p><p>Num\u00e9ro d&rsquo;identification de la taxe sur le chiffre d&rsquo;affaires conform\u00e9ment au \u00a727 a de la loi sur la taxe sur le chiffre d&rsquo;affaires :<br>DE 814441908<\/p><p>Nous ne sommes pas pr\u00eats ou oblig\u00e9s de participer \u00e0 des proc\u00e9dures de r\u00e8glement des litiges devant un organisme de conciliation des consommateurs.<\/p><p><b>Responsabilit\u00e9 du contenu<\/b><\/p><p>En tant que prestataire de services, nous sommes responsables, conform\u00e9ment au \u00a7 7 alin\u00e9a 1 de la loi allemande sur les t\u00e9l\u00e9m\u00e9dias (TMG), de nos propres contenus sur ces pages selon les lois g\u00e9n\u00e9rales. Conform\u00e9ment aux \u00a7\u00a7 8 \u00e0 10 de la TMG, nous ne sommes toutefois pas tenus, en tant que prestataire de services, de surveiller les informations externes transmises ou enregistr\u00e9es ou de rechercher les circonstances qui indiquent une activit\u00e9 ill\u00e9gale.  <\/p><p>L&rsquo;obligation de supprimer ou de bloquer l&rsquo;utilisation d&rsquo;informations conform\u00e9ment aux lois g\u00e9n\u00e9rales n&rsquo;est pas affect\u00e9e par cette disposition. Une responsabilit\u00e9 \u00e0 cet \u00e9gard n&rsquo;est toutefois possible qu&rsquo;\u00e0 partir du moment o\u00f9 une violation concr\u00e8te de la loi est connue. D\u00e8s la prise de connaissance d&rsquo;une telle violation, nous supprimerons imm\u00e9diatement le contenu en question.  <\/p><p><b>Responsabilit\u00e9 des liens<\/b><\/p><p>Notre offre contient des liens vers des sites Web externes de tiers, sur lesquels nous n&rsquo;avons aucune influence. Nous ne pouvons donc pas nous porter garants de ces contenus externes. Le fournisseur ou l&rsquo;exploitant des pages li\u00e9es est toujours responsable du contenu de ces pages. Les pages li\u00e9es ont \u00e9t\u00e9 v\u00e9rifi\u00e9es au moment de la cr\u00e9ation du lien afin de s&rsquo;assurer qu&rsquo;elles n&rsquo;enfreignaient pas la loi. Aucun contenu ill\u00e9gal n&rsquo;a \u00e9t\u00e9 identifi\u00e9 au moment de la cr\u00e9ation des liens.    <\/p><p>Un contr\u00f4le permanent du contenu des pages li\u00e9es n&rsquo;est cependant pas exigible sans indices concrets d&rsquo;une violation de la loi. Si nous prenons connaissance d&rsquo;une violation de la loi, nous supprimerons imm\u00e9diatement les liens en question. <\/p><p><b>Droit d&rsquo;auteur<\/b><\/p><p>Les contenus et \u0153uvres cr\u00e9\u00e9s par les exploitants de ces pages sont soumis au droit d&rsquo;auteur allemand. La reproduction, le traitement, la diffusion et tout type d&rsquo;exploitation en dehors des limites du droit d&rsquo;auteur requi\u00e8rent l&rsquo;accord \u00e9crit de l&rsquo;auteur ou du cr\u00e9ateur concern\u00e9. Les t\u00e9l\u00e9chargements et les copies de ce site ne sont autoris\u00e9s que pour un usage priv\u00e9 et non commercial.  <\/p><p>Dans la mesure o\u00f9 les contenus de ce site n&rsquo;ont pas \u00e9t\u00e9 cr\u00e9\u00e9s par l&rsquo;exploitant, les droits d&rsquo;auteur de tiers sont respect\u00e9s. En particulier, les contenus de tiers sont identifi\u00e9s comme tels. Si vous constatez n\u00e9anmoins une violation des droits d&rsquo;auteur, nous vous prions de nous en informer. D\u00e8s que nous aurons connaissance d&rsquo;une violation de la loi, nous supprimerons imm\u00e9diatement le contenu en question.   <\/p><p><a href=\"https:\/\/kuris.de\/wp-content\/uploads\/2025\/08\/Lieferungs-_und_Zahlungsbedingungen.pdf\" target=\"_blank\" rel=\"noopener\"><b>Conditions g\u00e9n\u00e9rales de vente (CGV)<\/b><\/a><\/p><p><a href=\"http:\/\/www.rwb-efre.baden-wuerttemberg.de\" target=\"_blank\" rel=\"noopener\"><b>Fonds europ\u00e9en de d\u00e9veloppement r\u00e9gional<\/b><\/a><\/p><p> <\/p>\t\t\t\t\t\t\t\t<\/div>\n\t\t\t\t<\/div>\n\t\t\t\t\t<\/div>\n\t\t\t\t<\/div>\n\t\t\t\t<\/div>\n\t\t","protected":false},"excerpt":{"rendered":"<p>Mentions l\u00e9gales Informations conform\u00e9ment au \u00a7 5 TMG KURIS Spezialmaschinen GmbHDegginger Stra\u00dfe 673326 Deggingen\/Reichenbach Registre du commerce : HRB 541 720Tribunal d&rsquo;enregistrement : Tribunal d&rsquo;instance d&rsquo;Ulm Repr\u00e9sent\u00e9 par :Sven Gassenmayer, Erdal Ayg\u00fcn Contact T\u00e9l\u00e9phone : +49 (0) 7334 \/ 924 80-0E-mail : info@kuris.de Num\u00e9ro d&rsquo;identification de la taxe sur le chiffre d&rsquo;affaires conform\u00e9ment au \u00a727 [&hellip;]<\/p>\n","protected":false},"author":1,"featured_media":0,"parent":0,"menu_order":0,"comment_status":"closed","ping_status":"closed","template":"","meta":{"_acf_changed":false,"footnotes":""},"class_list":["post-5619","page","type-page","status-publish","hentry"],"acf":[],"_links":{"self":[{"href":"https:\/\/kuris.de\/fr\/wp-json\/wp\/v2\/pages\/5619","targetHints":{"allow":["GET"]}}],"collection":[{"href":"https:\/\/kuris.de\/fr\/wp-json\/wp\/v2\/pages"}],"about":[{"href":"https:\/\/kuris.de\/fr\/wp-json\/wp\/v2\/types\/page"}],"author":[{"embeddable":true,"href":"https:\/\/kuris.de\/fr\/wp-json\/wp\/v2\/users\/1"}],"replies":[{"embeddable":true,"href":"https:\/\/kuris.de\/fr\/wp-json\/wp\/v2\/comments?post=5619"}],"version-history":[{"count":3,"href":"https:\/\/kuris.de\/fr\/wp-json\/wp\/v2\/pages\/5619\/revisions"}],"predecessor-version":[{"id":6738,"href":"https:\/\/kuris.de\/fr\/wp-json\/wp\/v2\/pages\/5619\/revisions\/6738"}],"wp:attachment":[{"href":"https:\/\/kuris.de\/fr\/wp-json\/wp\/v2\/media?parent=5619"}],"curies":[{"name":"wp","href":"https:\/\/api.w.org\/{rel}","templated":true}]}}