{"id":6083,"date":"2025-04-02T16:34:14","date_gmt":"2025-04-02T14:34:14","guid":{"rendered":"https:\/\/kuris.de\/carrera-profesional\/"},"modified":"2025-10-14T08:02:04","modified_gmt":"2025-10-14T06:02:04","slug":"carrera-profesional","status":"publish","type":"page","link":"https:\/\/kuris.de\/es\/la-empresa\/carrera-profesional\/","title":{"rendered":"Carrera profesional"},"content":{"rendered":"\t\t<div data-elementor-type=\"wp-page\" data-elementor-id=\"6083\" class=\"elementor elementor-6083 elementor-1147\" data-elementor-post-type=\"page\">\n\t\t\t\t<div class=\"elementor-element elementor-element-768d0a4 e-con-full e-flex e-con e-parent\" data-id=\"768d0a4\" data-element_type=\"container\">\n\t\t\t\t<div class=\"elementor-element elementor-element-f7db923 elementor-widget elementor-widget-image\" data-id=\"f7db923\" data-element_type=\"widget\" data-widget_type=\"image.default\">\n\t\t\t\t<div class=\"elementor-widget-container\">\n\t\t\t\t\t\t\t\t\t\t\t\t\t\t\t<img fetchpriority=\"high\" decoding=\"async\" width=\"2560\" height=\"384\" src=\"https:\/\/kuris.de\/wp-content\/uploads\/2025\/04\/website-Kuris_karriere-header-scaled.jpg\" class=\"attachment-full size-full wp-image-6084\" alt=\"\" srcset=\"https:\/\/kuris.de\/wp-content\/uploads\/2025\/04\/website-Kuris_karriere-header-scaled.jpg 2560w, https:\/\/kuris.de\/wp-content\/uploads\/2025\/04\/website-Kuris_karriere-header-300x45.jpg 300w, https:\/\/kuris.de\/wp-content\/uploads\/2025\/04\/website-Kuris_karriere-header-1024x154.jpg 1024w, https:\/\/kuris.de\/wp-content\/uploads\/2025\/04\/website-Kuris_karriere-header-768x115.jpg 768w, https:\/\/kuris.de\/wp-content\/uploads\/2025\/04\/website-Kuris_karriere-header-1536x230.jpg 1536w, https:\/\/kuris.de\/wp-content\/uploads\/2025\/04\/website-Kuris_karriere-header-2048x307.jpg 2048w\" sizes=\"(max-width: 2560px) 100vw, 2560px\" \/>\t\t\t\t\t\t\t\t\t\t\t\t\t\t\t<\/div>\n\t\t\t\t<\/div>\n\t\t\t\t<\/div>\n\t\t<div class=\"elementor-element elementor-element-592a635 e-con-full e-flex e-con e-parent\" data-id=\"592a635\" data-element_type=\"container\" data-settings=\"{&quot;background_background&quot;:&quot;classic&quot;}\">\n\t\t<div class=\"elementor-element elementor-element-e3d6e04 e-flex e-con-boxed e-con e-child\" data-id=\"e3d6e04\" data-element_type=\"container\">\n\t\t\t\t\t<div class=\"e-con-inner\">\n\t\t<div class=\"elementor-element elementor-element-63e4f9b e-con-full e-flex e-con e-child\" data-id=\"63e4f9b\" data-element_type=\"container\" data-settings=\"{&quot;background_background&quot;:&quot;classic&quot;}\">\n\t\t\t\t<div class=\"elementor-element elementor-element-8b85161 elementor-widget elementor-widget-heading\" data-id=\"8b85161\" data-element_type=\"widget\" data-widget_type=\"heading.default\">\n\t\t\t\t<div class=\"elementor-widget-container\">\n\t\t\t\t\t<h2 class=\"elementor-heading-title elementor-size-default\">Carrera profesional<\/h2>\t\t\t\t<\/div>\n\t\t\t\t<\/div>\n\t\t\t\t<\/div>\n\t\t\t\t\t<\/div>\n\t\t\t\t<\/div>\n\t\t\t\t<\/div>\n\t\t<div class=\"elementor-element elementor-element-b8754db e-flex e-con-boxed e-con e-parent\" data-id=\"b8754db\" data-element_type=\"container\" data-settings=\"{&quot;background_background&quot;:&quot;classic&quot;}\">\n\t\t\t\t\t<div class=\"e-con-inner\">\n\t\t<div class=\"elementor-element elementor-element-c53f959 e-con-full e-flex e-con e-child\" data-id=\"c53f959\" data-element_type=\"container\">\n\t\t<div class=\"elementor-element elementor-element-dcb4801 e-con-full e-flex e-con e-child\" data-id=\"dcb4801\" data-element_type=\"container\" data-settings=\"{&quot;background_background&quot;:&quot;classic&quot;}\">\n\t\t<div class=\"elementor-element elementor-element-761995d e-con-full e-flex e-con e-child\" data-id=\"761995d\" data-element_type=\"container\">\n\t\t<div class=\"elementor-element elementor-element-d5afa6d e-con-full e-flex e-con e-child\" data-id=\"d5afa6d\" data-element_type=\"container\">\n\t\t\t\t<div class=\"elementor-element elementor-element-c5e6a2d elementor-widget__width-auto elementor-widget elementor-widget-heading\" data-id=\"c5e6a2d\" data-element_type=\"widget\" data-widget_type=\"heading.default\">\n\t\t\t\t<div class=\"elementor-widget-container\">\n\t\t\t\t\t<h2 class=\"elementor-heading-title elementor-size-default\">Desarrollamos m\u00e1quinas. Y tu futuro.   <\/h2>\t\t\t\t<\/div>\n\t\t\t\t<\/div>\n\t\t\t\t<div class=\"elementor-element elementor-element-a836123 elementor-widget elementor-widget-spacer\" data-id=\"a836123\" data-element_type=\"widget\" data-widget_type=\"spacer.default\">\n\t\t\t\t<div class=\"elementor-widget-container\">\n\t\t\t\t\t\t\t<div class=\"elementor-spacer\">\n\t\t\t<div class=\"elementor-spacer-inner\"><\/div>\n\t\t<\/div>\n\t\t\t\t\t\t<\/div>\n\t\t\t\t<\/div>\n\t\t\t\t<div class=\"elementor-element elementor-element-b65a312 elementor-widget elementor-widget-text-editor\" data-id=\"b65a312\" data-element_type=\"widget\" data-widget_type=\"text-editor.default\">\n\t\t\t\t<div class=\"elementor-widget-container\">\n\t\t\t\t\t\t\t\t\t<p>Desde hace m\u00e1s de 100 a\u00f1os, somos sin\u00f3nimo de soluciones de maquinaria robustas e inteligentes en todo el mundo. \u00bfQu\u00e9 nos hace fuertes? Sencillamente. Nuestros empleados y sus habilidades. Ya sea en producci\u00f3n, ventas o desarrollo: cada idea, cada movimiento y cada perspectiva cuentan con nosotros.    <\/p><p>Nuestros productos -desde la m\u00e1quina industrial de corte de tejidos hasta la m\u00e1quina de colocaci\u00f3n y la m\u00e1quina de corte- tienen demanda internacional. Suministramos a las industrias del mueble, la moda, el autom\u00f3vil, la tecnolog\u00eda y la defensa. \u00bfTe parece emocionante? Pues s\u00ed.   <\/p><p>Porque quien trabaja aqu\u00ed est\u00e1 trabajando en algo que perdura. En un equipo con verdadero esp\u00edritu de equipo, jerarqu\u00edas planas y l\u00edneas de comunicaci\u00f3n cortas. Siempre contigo: la sensaci\u00f3n segura de que las m\u00e1quinas de corte para textiles no s\u00f3lo son nuestra fuerza, sino que tambi\u00e9n pueden ser tu futuro. \u00bfA qu\u00e9 esperas? Estamos deseando conocerte.    <\/p>\t\t\t\t\t\t\t\t<\/div>\n\t\t\t\t<\/div>\n\t\t\t\t<\/div>\n\t\t\t\t<\/div>\n\t\t<div class=\"elementor-element elementor-element-d8f68fa e-con-full e-flex e-con e-child\" data-id=\"d8f68fa\" data-element_type=\"container\">\n\t\t<div class=\"elementor-element elementor-element-5cda5e9 e-con-full e-flex e-con e-child\" data-id=\"5cda5e9\" data-element_type=\"container\">\n\t\t\t\t<div class=\"elementor-element elementor-element-1f1561d elementor-widget elementor-widget-heading\" data-id=\"1f1561d\" data-element_type=\"widget\" data-widget_type=\"heading.default\">\n\t\t\t\t<div class=\"elementor-widget-container\">\n\t\t\t\t\t<h2 class=\"elementor-heading-title elementor-size-default\">Apreciativo<\/h2>\t\t\t\t<\/div>\n\t\t\t\t<\/div>\n\t\t\t\t<div class=\"elementor-element elementor-element-f45f26e elementor-widget elementor-widget-text-editor\" data-id=\"f45f26e\" data-element_type=\"widget\" data-widget_type=\"text-editor.default\">\n\t\t\t\t<div class=\"elementor-widget-container\">\n\t\t\t\t\t\t\t\t\t<p>Cada idea cuenta, cada contribuci\u00f3n marca la diferencia.<\/p>\t\t\t\t\t\t\t\t<\/div>\n\t\t\t\t<\/div>\n\t\t\t\t<\/div>\n\t\t<div class=\"elementor-element elementor-element-0f7a574 e-con-full e-flex e-con e-child\" data-id=\"0f7a574\" data-element_type=\"container\">\n\t\t\t\t<div class=\"elementor-element elementor-element-63373c6 elementor-widget elementor-widget-heading\" data-id=\"63373c6\" data-element_type=\"widget\" data-widget_type=\"heading.default\">\n\t\t\t\t<div class=\"elementor-widget-container\">\n\t\t\t\t\t<h2 class=\"elementor-heading-title elementor-size-default\">promoviendo<\/h2>\t\t\t\t<\/div>\n\t\t\t\t<\/div>\n\t\t\t\t<div class=\"elementor-element elementor-element-109187d elementor-widget elementor-widget-text-editor\" data-id=\"109187d\" data-element_type=\"widget\" data-widget_type=\"text-editor.default\">\n\t\t\t\t<div class=\"elementor-widget-container\">\n\t\t\t\t\t\t\t\t\t<p>No s\u00f3lo desarrollamos m\u00e1quinas, sino tambi\u00e9n personas.<\/p>\t\t\t\t\t\t\t\t<\/div>\n\t\t\t\t<\/div>\n\t\t\t\t<\/div>\n\t\t<div class=\"elementor-element elementor-element-a898056 e-con-full e-flex e-con e-child\" data-id=\"a898056\" data-element_type=\"container\">\n\t\t\t\t<div class=\"elementor-element elementor-element-62c4aea elementor-widget elementor-widget-heading\" data-id=\"62c4aea\" data-element_type=\"widget\" data-widget_type=\"heading.default\">\n\t\t\t\t<div class=\"elementor-widget-container\">\n\t\t\t\t\t<h2 class=\"elementor-heading-title elementor-size-default\">Fiable<\/h2>\t\t\t\t<\/div>\n\t\t\t\t<\/div>\n\t\t\t\t<div class=\"elementor-element elementor-element-baf0aa0 elementor-widget elementor-widget-text-editor\" data-id=\"baf0aa0\" data-element_type=\"widget\" data-widget_type=\"text-editor.default\">\n\t\t\t\t<div class=\"elementor-widget-container\">\n\t\t\t\t\t\t\t\t\t<p>Fuertes gracias al esp\u00edritu de equipo y a la tecnolog\u00eda desde hace m\u00e1s de 100 a\u00f1os.<\/p>\t\t\t\t\t\t\t\t<\/div>\n\t\t\t\t<\/div>\n\t\t\t\t<\/div>\n\t\t<div class=\"elementor-element elementor-element-ff0401d e-con-full e-flex e-con e-child\" data-id=\"ff0401d\" data-element_type=\"container\">\n\t\t\t\t<div class=\"elementor-element elementor-element-9efedf1 elementor-widget elementor-widget-heading\" data-id=\"9efedf1\" data-element_type=\"widget\" data-widget_type=\"heading.default\">\n\t\t\t\t<div class=\"elementor-widget-container\">\n\t\t\t\t\t<h2 class=\"elementor-heading-title elementor-size-default\">colegiado<\/h2>\t\t\t\t<\/div>\n\t\t\t\t<\/div>\n\t\t\t\t<div class=\"elementor-element elementor-element-1c005cb elementor-widget elementor-widget-text-editor\" data-id=\"1c005cb\" data-element_type=\"widget\" data-widget_type=\"text-editor.default\">\n\t\t\t\t<div class=\"elementor-widget-container\">\n\t\t\t\t\t\t\t\t\t<p>Distancias cortas, cooperaci\u00f3n abierta,<br>un verdadero sentimiento de uni\u00f3n.<\/p>\t\t\t\t\t\t\t\t<\/div>\n\t\t\t\t<\/div>\n\t\t\t\t<\/div>\n\t\t\t\t<\/div>\n\t\t\t\t<\/div>\n\t\t\t\t<\/div>\n\t\t\t\t\t<\/div>\n\t\t\t\t<\/div>\n\t\t<div class=\"elementor-element elementor-element-b8d3f4a e-flex e-con-boxed e-con e-parent\" data-id=\"b8d3f4a\" data-element_type=\"container\">\n\t\t\t\t\t<div class=\"e-con-inner\">\n\t\t<div class=\"elementor-element elementor-element-943a895 e-con-full e-flex e-con e-child\" data-id=\"943a895\" data-element_type=\"container\" data-settings=\"{&quot;background_background&quot;:&quot;classic&quot;}\">\n\t\t\t\t<div class=\"elementor-element elementor-element-70fc9c8 elementor-widget__width-auto elementor-widget elementor-widget-heading\" data-id=\"70fc9c8\" data-element_type=\"widget\" data-widget_type=\"heading.default\">\n\t\t\t\t<div class=\"elementor-widget-container\">\n\t\t\t\t\t<h2 class=\"elementor-heading-title elementor-size-default\">Vacantes<\/h2>\t\t\t\t<\/div>\n\t\t\t\t<\/div>\n\t\t\t\t<div class=\"elementor-element elementor-element-de0d4e6 elementor-widget elementor-widget-spacer\" data-id=\"de0d4e6\" data-element_type=\"widget\" data-widget_type=\"spacer.default\">\n\t\t\t\t<div class=\"elementor-widget-container\">\n\t\t\t\t\t\t\t<div class=\"elementor-spacer\">\n\t\t\t<div class=\"elementor-spacer-inner\"><\/div>\n\t\t<\/div>\n\t\t\t\t\t\t<\/div>\n\t\t\t\t<\/div>\n\t\t\t\t<div class=\"elementor-element elementor-element-f873c03 elementor-widget elementor-widget-text-editor\" data-id=\"f873c03\" data-element_type=\"widget\" data-widget_type=\"text-editor.default\">\n\t\t\t\t<div class=\"elementor-widget-container\">\n\t\t\t\t\t\t\t\t\t<p>La fiabilidad, el esp\u00edritu de equipo y el compromiso son m\u00e1s importantes para nosotros que un CV perfecto. Porque la experiencia se construye: t\u00fa aportas actitud y motivaci\u00f3n. Si piensas por ti mismo, asumes responsabilidades y tienes ganas de trabajar en un equipo fuerte, Kuris es el lugar adecuado para ti.  <\/p><p>A continuaci\u00f3n encontrar\u00e1s nuestras vacantes actuales en nuestro portal de empleo. Por favor, presenta tu solicitud directamente en l\u00ednea &#8211; no aceptamos solicitudes por correo postal. Muchas gracias.  <\/p>\t\t\t\t\t\t\t\t<\/div>\n\t\t\t\t<\/div>\n\t\t\t\t<\/div>\n\t\t\t\t<div class=\"elementor-element elementor-element-ef848ad elementor-widget elementor-widget-html\" data-id=\"ef848ad\" data-element_type=\"widget\" data-widget_type=\"html.default\">\n\t\t\t\t<div class=\"elementor-widget-container\">\n\t\t\t\t\t <div class=\"brlbs-cmpnt-container brlbs-cmpnt-content-blocker brlbs-cmpnt-with-individual-styles\" data-borlabs-cookie-content-blocker-id=\"default\" data-borlabs-cookie-content=\"PGlmcmFtZSBzcmM9Imh0dHBzOi8vam9iYXBwbGljYXRpb24uaHJ3b3Jrcy5kZS9kZT9jb21wYW55SWQ9YmdkOTI0MGEiIGhlaWdodD0iMTYwMHB4OyI+PC9pZnJhbWU+\"><div class=\"brlbs-cmpnt-cb-preset-a\"> <p class=\"brlbs-cmpnt-cb-description\">Est\u00e1s viendo un contenido de marcador de posici\u00f3n de <strong>Predeterminado<\/strong>. Para acceder al contenido real, haz clic en el siguiente bot\u00f3n. Ten en cuenta que al hacerlo compartir\u00e1s datos con terceros proveedores.<\/p> <div class=\"brlbs-cmpnt-cb-buttons\"> <a class=\"brlbs-cmpnt-cb-btn\" href=\"#\" data-borlabs-cookie-unblock role=\"button\">Desbloquear contenido<\/a> <a class=\"brlbs-cmpnt-cb-btn\" href=\"#\" data-borlabs-cookie-accept-service role=\"button\" style=\"display: none\">Aceptar el servicio requerido y desbloquear los contenidos<\/a> <\/div> <a class=\"brlbs-cmpnt-cb-provider-toggle\" href=\"#\" data-borlabs-cookie-show-provider-information role=\"button\">M\u00e1s informaci\u00f3n<\/a> <\/div><\/div>\n\t\t\t\t<\/div>\n\t\t\t\t<\/div>\n\t\t\t\t\t<\/div>\n\t\t\t\t<\/div>\n\t\t<div class=\"elementor-element elementor-element-6326e47 e-flex e-con-boxed e-con e-parent\" data-id=\"6326e47\" data-element_type=\"container\" data-settings=\"{&quot;background_background&quot;:&quot;classic&quot;}\">\n\t\t\t\t\t<div class=\"e-con-inner\">\n\t\t<div class=\"elementor-element elementor-element-08bba1a e-con-full e-flex e-con e-child\" data-id=\"08bba1a\" data-element_type=\"container\">\n\t\t<div class=\"elementor-element elementor-element-6487b72 e-con-full e-flex e-con e-child\" data-id=\"6487b72\" data-element_type=\"container\">\n\t\t\t\t<div class=\"elementor-element elementor-element-504fc0b elementor-widget__width-auto elementor-widget elementor-widget-heading\" data-id=\"504fc0b\" data-element_type=\"widget\" data-widget_type=\"heading.default\">\n\t\t\t\t<div class=\"elementor-widget-container\">\n\t\t\t\t\t<h2 class=\"elementor-heading-title elementor-size-default\">Formaci\u00f3n con prospectos<\/h2>\t\t\t\t<\/div>\n\t\t\t\t<\/div>\n\t\t\t\t<div class=\"elementor-element elementor-element-2fb32e6 elementor-widget elementor-widget-spacer\" data-id=\"2fb32e6\" data-element_type=\"widget\" data-widget_type=\"spacer.default\">\n\t\t\t\t<div class=\"elementor-widget-container\">\n\t\t\t\t\t\t\t<div class=\"elementor-spacer\">\n\t\t\t<div class=\"elementor-spacer-inner\"><\/div>\n\t\t<\/div>\n\t\t\t\t\t\t<\/div>\n\t\t\t\t<\/div>\n\t\t\t\t<div class=\"elementor-element elementor-element-98f176d elementor-widget elementor-widget-text-editor\" data-id=\"98f176d\" data-element_type=\"widget\" data-widget_type=\"text-editor.default\">\n\t\t\t\t<div class=\"elementor-widget-container\">\n\t\t\t\t\t\t\t\t\t<p>Llevamos muchos a\u00f1os formando aprendices con \u00e9xito y con perspectivas a largo plazo. Muchos de nuestros antiguos aprendices son ahora miembros permanentes de nuestro equipo. Estamos orgullosos de ello, y esperamos dar la bienvenida a cualquiera que desee iniciar su carrera profesional con nosotros.  <\/p><p>Puedes encontrar los puestos de aprendizaje actuales en nuestro portal de empleo.<br>Por favor, presenta tu solicitud directamente en l\u00ednea &#8211; lamentablemente no podemos considerar las solicitudes por correo postal. Muchas gracias. <\/p>\t\t\t\t\t\t\t\t<\/div>\n\t\t\t\t<\/div>\n\t\t\t\t<\/div>\n\t\t\t\t<div class=\"elementor-element elementor-element-9e2f82c elementor-widget elementor-widget-spacer\" data-id=\"9e2f82c\" data-element_type=\"widget\" data-widget_type=\"spacer.default\">\n\t\t\t\t<div class=\"elementor-widget-container\">\n\t\t\t\t\t\t\t<div class=\"elementor-spacer\">\n\t\t\t<div class=\"elementor-spacer-inner\"><\/div>\n\t\t<\/div>\n\t\t\t\t\t\t<\/div>\n\t\t\t\t<\/div>\n\t\t\t\t<\/div>\n\t\t<div class=\"elementor-element elementor-element-1188e05 e-con-full e-flex e-con e-child\" data-id=\"1188e05\" data-element_type=\"container\">\n\t\t\t\t<div class=\"elementor-element elementor-element-6c25180 elementor-widget elementor-widget-image\" data-id=\"6c25180\" data-element_type=\"widget\" data-widget_type=\"image.default\">\n\t\t\t\t<div class=\"elementor-widget-container\">\n\t\t\t\t\t\t\t\t\t\t\t\t\t\t\t<img decoding=\"async\" width=\"800\" height=\"772\" src=\"https:\/\/kuris.de\/wp-content\/uploads\/2025\/04\/website-Kuris_karriere_bild1.jpg\" class=\"attachment-large size-large wp-image-6088\" alt=\"\" srcset=\"https:\/\/kuris.de\/wp-content\/uploads\/2025\/04\/website-Kuris_karriere_bild1.jpg 972w, https:\/\/kuris.de\/wp-content\/uploads\/2025\/04\/website-Kuris_karriere_bild1-300x290.jpg 300w, https:\/\/kuris.de\/wp-content\/uploads\/2025\/04\/website-Kuris_karriere_bild1-768x741.jpg 768w\" sizes=\"(max-width: 800px) 100vw, 800px\" \/>\t\t\t\t\t\t\t\t\t\t\t\t\t\t\t<\/div>\n\t\t\t\t<\/div>\n\t\t\t\t<\/div>\n\t\t\t\t\t<\/div>\n\t\t\t\t<\/div>\n\t\t<div class=\"elementor-element elementor-element-2116259 e-flex e-con-boxed e-con e-parent\" data-id=\"2116259\" data-element_type=\"container\" data-settings=\"{&quot;background_background&quot;:&quot;classic&quot;}\">\n\t\t\t\t\t<div class=\"e-con-inner\">\n\t\t<div class=\"elementor-element elementor-element-1bc5f7f e-con-full e-flex e-con e-child\" data-id=\"1bc5f7f\" data-element_type=\"container\">\n\t\t<div class=\"elementor-element elementor-element-e7e6369 e-con-full e-flex e-con e-child\" data-id=\"e7e6369\" data-element_type=\"container\">\n\t\t<div class=\"elementor-element elementor-element-83e5742 e-con-full e-flex e-con e-child\" data-id=\"83e5742\" data-element_type=\"container\">\n\t\t\t\t<div class=\"elementor-element elementor-element-85ae5f1 elementor-widget__width-auto elementor-widget elementor-widget-heading\" data-id=\"85ae5f1\" data-element_type=\"widget\" data-widget_type=\"heading.default\">\n\t\t\t\t<div class=\"elementor-widget-container\">\n\t\t\t\t\t<h2 class=\"elementor-heading-title elementor-size-default\">\u00bfAlguna pregunta m\u00e1s?\n<\/h2>\t\t\t\t<\/div>\n\t\t\t\t<\/div>\n\t\t\t\t<div class=\"elementor-element elementor-element-fd9a1fd elementor-widget elementor-widget-spacer\" data-id=\"fd9a1fd\" data-element_type=\"widget\" data-widget_type=\"spacer.default\">\n\t\t\t\t<div class=\"elementor-widget-container\">\n\t\t\t\t\t\t\t<div class=\"elementor-spacer\">\n\t\t\t<div class=\"elementor-spacer-inner\"><\/div>\n\t\t<\/div>\n\t\t\t\t\t\t<\/div>\n\t\t\t\t<\/div>\n\t\t\t\t<div class=\"elementor-element elementor-element-afcb466 elementor-widget elementor-widget-text-editor\" data-id=\"afcb466\" data-element_type=\"widget\" data-widget_type=\"text-editor.default\">\n\t\t\t\t<div class=\"elementor-widget-container\">\n\t\t\t\t\t\t\t\t\t<p>Ll\u00e1manos o env\u00edanos un e-mail<\/p>\t\t\t\t\t\t\t\t<\/div>\n\t\t\t\t<\/div>\n\t\t<div class=\"elementor-element elementor-element-e6be47a e-con-full e-flex e-con e-child\" data-id=\"e6be47a\" data-element_type=\"container\">\n\t\t<div class=\"elementor-element elementor-element-2721815 e-con-full e-flex e-con e-child\" data-id=\"2721815\" data-element_type=\"container\">\n\t\t\t\t<div class=\"elementor-element elementor-element-77c0e9c elementor-widget elementor-widget-image\" data-id=\"77c0e9c\" data-element_type=\"widget\" data-widget_type=\"image.default\">\n\t\t\t\t<div class=\"elementor-widget-container\">\n\t\t\t\t\t\t\t\t\t\t\t\t\t\t\t<img decoding=\"async\" width=\"65\" height=\"66\" src=\"https:\/\/kuris.de\/wp-content\/uploads\/2025\/04\/KURIS-icon_phone.webp\" class=\"attachment-large size-large wp-image-6091\" alt=\"\" \/>\t\t\t\t\t\t\t\t\t\t\t\t\t\t\t<\/div>\n\t\t\t\t<\/div>\n\t\t\t\t<div class=\"elementor-element elementor-element-d4f009c elementor-widget elementor-widget-heading\" data-id=\"d4f009c\" data-element_type=\"widget\" data-widget_type=\"heading.default\">\n\t\t\t\t<div class=\"elementor-widget-container\">\n\t\t\t\t\t<h2 class=\"elementor-heading-title elementor-size-default\"><a href=\"tel:+49%207334%2092480-0%E2%80%8B\">+49 7334 92480-0<\/a><\/h2>\t\t\t\t<\/div>\n\t\t\t\t<\/div>\n\t\t\t\t<\/div>\n\t\t<div class=\"elementor-element elementor-element-62b20d9 e-con-full e-flex e-con e-child\" data-id=\"62b20d9\" data-element_type=\"container\">\n\t\t\t\t<div class=\"elementor-element elementor-element-faf5d02 elementor-widget elementor-widget-image\" data-id=\"faf5d02\" data-element_type=\"widget\" data-widget_type=\"image.default\">\n\t\t\t\t<div class=\"elementor-widget-container\">\n\t\t\t\t\t\t\t\t\t\t\t\t\t\t\t<img loading=\"lazy\" decoding=\"async\" width=\"65\" height=\"46\" src=\"https:\/\/kuris.de\/wp-content\/uploads\/2025\/04\/KURIS-icon_email.webp\" class=\"attachment-large size-large wp-image-6090\" alt=\"\" \/>\t\t\t\t\t\t\t\t\t\t\t\t\t\t\t<\/div>\n\t\t\t\t<\/div>\n\t\t\t\t<div class=\"elementor-element elementor-element-23973bb elementor-widget elementor-widget-heading\" data-id=\"23973bb\" data-element_type=\"widget\" data-widget_type=\"heading.default\">\n\t\t\t\t<div class=\"elementor-widget-container\">\n\t\t\t\t\t<h2 class=\"elementor-heading-title elementor-size-default\"><a href=\"mailto:info@kuris.de\">info@kuris.de<\/a>\n<\/h2>\t\t\t\t<\/div>\n\t\t\t\t<\/div>\n\t\t\t\t<\/div>\n\t\t\t\t<\/div>\n\t\t\t\t<\/div>\n\t\t\t\t<div class=\"elementor-element elementor-element-73a3502 elementor-widget elementor-widget-spacer\" data-id=\"73a3502\" data-element_type=\"widget\" data-widget_type=\"spacer.default\">\n\t\t\t\t<div class=\"elementor-widget-container\">\n\t\t\t\t\t\t\t<div class=\"elementor-spacer\">\n\t\t\t<div class=\"elementor-spacer-inner\"><\/div>\n\t\t<\/div>\n\t\t\t\t\t\t<\/div>\n\t\t\t\t<\/div>\n\t\t\t\t<\/div>\n\t\t\t\t<\/div>\n\t\t<div class=\"elementor-element elementor-element-68b83c3 e-con-full e-flex e-con e-child\" data-id=\"68b83c3\" data-element_type=\"container\">\n\t\t\t\t<div class=\"elementor-element elementor-element-018b729 elementor-widget elementor-widget-image\" data-id=\"018b729\" data-element_type=\"widget\" data-widget_type=\"image.default\">\n\t\t\t\t<div class=\"elementor-widget-container\">\n\t\t\t\t\t\t\t\t\t\t\t\t\t\t\t<img loading=\"lazy\" decoding=\"async\" width=\"800\" height=\"600\" src=\"https:\/\/kuris.de\/wp-content\/uploads\/2025\/04\/website-Kuris_karriere_bild2.jpg\" class=\"attachment-large size-large wp-image-6089\" alt=\"\" srcset=\"https:\/\/kuris.de\/wp-content\/uploads\/2025\/04\/website-Kuris_karriere_bild2.jpg 972w, https:\/\/kuris.de\/wp-content\/uploads\/2025\/04\/website-Kuris_karriere_bild2-300x225.jpg 300w, https:\/\/kuris.de\/wp-content\/uploads\/2025\/04\/website-Kuris_karriere_bild2-768x576.jpg 768w\" sizes=\"(max-width: 800px) 100vw, 800px\" \/>\t\t\t\t\t\t\t\t\t\t\t\t\t\t\t<\/div>\n\t\t\t\t<\/div>\n\t\t\t\t<\/div>\n\t\t\t\t\t<\/div>\n\t\t\t\t<\/div>\n\t\t\t\t<\/div>\n\t\t","protected":false},"excerpt":{"rendered":"<p>Carrera profesional Desarrollamos m\u00e1quinas. Y tu futuro. Desde hace m\u00e1s de 100 a\u00f1os, somos sin\u00f3nimo de soluciones de maquinaria robustas e inteligentes en todo el mundo. \u00bfQu\u00e9 nos hace fuertes? Sencillamente. Nuestros empleados y sus habilidades. Ya sea en producci\u00f3n, ventas o desarrollo: cada idea, cada movimiento y cada perspectiva cuentan con nosotros. Nuestros productos [&hellip;]<\/p>\n","protected":false},"author":4,"featured_media":0,"parent":6183,"menu_order":0,"comment_status":"closed","ping_status":"closed","template":"","meta":{"_acf_changed":false,"footnotes":""},"class_list":["post-6083","page","type-page","status-publish","hentry"],"acf":[],"_links":{"self":[{"href":"https:\/\/kuris.de\/es\/wp-json\/wp\/v2\/pages\/6083","targetHints":{"allow":["GET"]}}],"collection":[{"href":"https:\/\/kuris.de\/es\/wp-json\/wp\/v2\/pages"}],"about":[{"href":"https:\/\/kuris.de\/es\/wp-json\/wp\/v2\/types\/page"}],"author":[{"embeddable":true,"href":"https:\/\/kuris.de\/es\/wp-json\/wp\/v2\/users\/4"}],"replies":[{"embeddable":true,"href":"https:\/\/kuris.de\/es\/wp-json\/wp\/v2\/comments?post=6083"}],"version-history":[{"count":2,"href":"https:\/\/kuris.de\/es\/wp-json\/wp\/v2\/pages\/6083\/revisions"}],"predecessor-version":[{"id":8363,"href":"https:\/\/kuris.de\/es\/wp-json\/wp\/v2\/pages\/6083\/revisions\/8363"}],"up":[{"embeddable":true,"href":"https:\/\/kuris.de\/es\/wp-json\/wp\/v2\/pages\/6183"}],"wp:attachment":[{"href":"https:\/\/kuris.de\/es\/wp-json\/wp\/v2\/media?parent=6083"}],"curies":[{"name":"wp","href":"https:\/\/api.w.org\/{rel}","templated":true}]}}