{"id":5866,"date":"2025-08-20T08:47:58","date_gmt":"2025-08-20T06:47:58","guid":{"rendered":"https:\/\/kuris.de\/pie-de-imprenta\/"},"modified":"2025-10-14T08:03:35","modified_gmt":"2025-10-14T06:03:35","slug":"pie-de-imprenta","status":"publish","type":"page","link":"https:\/\/kuris.de\/es\/pie-de-imprenta\/","title":{"rendered":"Pie de imprenta"},"content":{"rendered":"\t\t<div data-elementor-type=\"wp-page\" data-elementor-id=\"5866\" class=\"elementor elementor-5866 elementor-5192\" data-elementor-post-type=\"page\">\n\t\t\t\t<div class=\"elementor-element elementor-element-250e324 e-flex e-con-boxed e-con e-parent\" data-id=\"250e324\" data-element_type=\"container\">\n\t\t\t\t\t<div class=\"e-con-inner\">\n\t\t\t\t<div class=\"elementor-element elementor-element-e67570f elementor-widget elementor-widget-heading\" data-id=\"e67570f\" data-element_type=\"widget\" data-widget_type=\"heading.default\">\n\t\t\t\t<div class=\"elementor-widget-container\">\n\t\t\t\t\t<h2 class=\"elementor-heading-title elementor-size-default\">Pie de imprenta<\/h2>\t\t\t\t<\/div>\n\t\t\t\t<\/div>\n\t\t\t\t\t<\/div>\n\t\t\t\t<\/div>\n\t\t<div class=\"elementor-element elementor-element-ee8bf22 e-flex e-con-boxed e-con e-parent\" data-id=\"ee8bf22\" data-element_type=\"container\">\n\t\t\t\t\t<div class=\"e-con-inner\">\n\t\t\t\t<div class=\"elementor-element elementor-element-83ce3a3 elementor-widget elementor-widget-text-editor\" data-id=\"83ce3a3\" data-element_type=\"widget\" data-widget_type=\"text-editor.default\">\n\t\t\t\t<div class=\"elementor-widget-container\">\n\t\t\t\t\t\t\t\t\t<p>Informaci\u00f3n seg\u00fan \u00a7 5 TMG<\/p><p>KURIS Spezialmaschinen GmbH<br>Degginger Stra\u00dfe 6<br>73326 Deggingen\/Reichenbach<\/p><p>Registro mercantil: HRB 541 720<br>Tribunal de registro: Juzgado de Primera Instancia de Ulm<\/p><p><strong>Representados por:<\/strong><br>Sven Gassenmayer, Erdal Ayg\u00fcn<\/p><p><b>Contacto<\/b><\/p><p>Tel\u00e9fono: +49 (0) 7334 \/ 924 80-0<br>Correo electr\u00f3nico: <a href=\"mailto:info@kuris.de\">info@kuris.de<\/a><\/p><p>N\u00famero de identificaci\u00f3n fiscal seg\u00fan \u00a727 a de la ley del impuesto sobre las ventas:<br>DE 814441908<\/p><p>No estamos dispuestos ni obligados a participar en procedimientos de resoluci\u00f3n de litigios ante una junta de arbitraje de consumo.<\/p><p><b>Responsabilidad por el contenido<\/b><\/p><p>Como proveedor de servicios, somos responsables de nuestro propio contenido en estas p\u00e1ginas de acuerdo con el art\u00edculo 7 (1) de la TMG (Ley alemana de Telemedios) y la legislaci\u00f3n general. Sin embargo, seg\u00fan los \u00a7\u00a7 8 a 10 de la TMG, como proveedor de servicios no estamos obligados a controlar la informaci\u00f3n de terceros transmitida o almacenada, ni a investigar circunstancias que indiquen una actividad ilegal.  <\/p><p>Esto no afecta a las obligaciones de eliminar o bloquear el uso de informaci\u00f3n de acuerdo con la legislaci\u00f3n general. Sin embargo, la responsabilidad a este respecto s\u00f3lo es posible a partir del momento en que tengamos conocimiento de una infracci\u00f3n concreta. Tan pronto como tengamos conocimiento de tales infracciones, eliminaremos este contenido inmediatamente.  <\/p><p><b>Responsabilidad de los enlaces<\/b><\/p><p>Nuestro sitio web contiene enlaces a sitios web externos de terceros sobre cuyo contenido no tenemos ninguna influencia. Por lo tanto, no podemos aceptar ninguna responsabilidad por este contenido de terceros. El respectivo proveedor u operador de las p\u00e1ginas es siempre responsable del contenido de las p\u00e1ginas enlazadas. Las p\u00e1ginas enlazadas se comprobaron en el momento de enlazarlas para detectar posibles infracciones legales. Los contenidos ilegales no eran reconocibles en el momento de establecer el enlace.    <\/p><p>Sin embargo, la supervisi\u00f3n permanente del contenido de las p\u00e1ginas enlazadas no es razonable sin pruebas concretas de una infracci\u00f3n. Si tenemos conocimiento de alguna infracci\u00f3n legal, eliminaremos dichos enlaces inmediatamente. <\/p><p><b>Derechos de autor<\/b><\/p><p>El contenido y las obras creadas por los operadores del sitio en estas p\u00e1ginas est\u00e1n sujetos a la legislaci\u00f3n alemana sobre derechos de autor. La duplicaci\u00f3n, procesamiento, distribuci\u00f3n y cualquier tipo de utilizaci\u00f3n fuera de los l\u00edmites de la ley de derechos de autor requieren el consentimiento por escrito del respectivo autor o creador. Las descargas y copias de este sitio s\u00f3lo est\u00e1n permitidas para uso privado y no comercial.  <\/p><p>En la medida en que el contenido de este sitio no haya sido creado por el operador, se respetan los derechos de autor de terceros. En particular, el contenido de terceros est\u00e1 etiquetado como tal. No obstante, si tuvieras conocimiento de una infracci\u00f3n de los derechos de autor, te rogamos que nos lo comuniques. Si tenemos conocimiento de alguna infracci\u00f3n, eliminaremos dicho contenido inmediatamente.   <\/p><p><a href=\"https:\/\/kuris.de\/wp-content\/uploads\/2025\/08\/Lieferungs-_und_Zahlungsbedingungen.pdf\" target=\"_blank\" rel=\"noopener\"><b>Condiciones Generales (AGB)<\/b><\/a><\/p><p><a href=\"http:\/\/www.rwb-efre.baden-wuerttemberg.de\" target=\"_blank\" rel=\"noopener\"><b>Fondo Europeo de Desarrollo Regional<\/b><\/a><\/p><p> <\/p>\t\t\t\t\t\t\t\t<\/div>\n\t\t\t\t<\/div>\n\t\t\t\t\t<\/div>\n\t\t\t\t<\/div>\n\t\t\t\t<\/div>\n\t\t","protected":false},"excerpt":{"rendered":"<p>Pie de imprenta Informaci\u00f3n seg\u00fan \u00a7 5 TMG KURIS Spezialmaschinen GmbHDegginger Stra\u00dfe 673326 Deggingen\/Reichenbach Registro mercantil: HRB 541 720Tribunal de registro: Juzgado de Primera Instancia de Ulm Representados por:Sven Gassenmayer, Erdal Ayg\u00fcn Contacto Tel\u00e9fono: +49 (0) 7334 \/ 924 80-0Correo electr\u00f3nico: info@kuris.de N\u00famero de identificaci\u00f3n fiscal seg\u00fan \u00a727 a de la ley del impuesto sobre [&hellip;]<\/p>\n","protected":false},"author":1,"featured_media":0,"parent":0,"menu_order":0,"comment_status":"closed","ping_status":"closed","template":"","meta":{"_acf_changed":false,"footnotes":""},"class_list":["post-5866","page","type-page","status-publish","hentry"],"acf":[],"_links":{"self":[{"href":"https:\/\/kuris.de\/es\/wp-json\/wp\/v2\/pages\/5866","targetHints":{"allow":["GET"]}}],"collection":[{"href":"https:\/\/kuris.de\/es\/wp-json\/wp\/v2\/pages"}],"about":[{"href":"https:\/\/kuris.de\/es\/wp-json\/wp\/v2\/types\/page"}],"author":[{"embeddable":true,"href":"https:\/\/kuris.de\/es\/wp-json\/wp\/v2\/users\/1"}],"replies":[{"embeddable":true,"href":"https:\/\/kuris.de\/es\/wp-json\/wp\/v2\/comments?post=5866"}],"version-history":[{"count":3,"href":"https:\/\/kuris.de\/es\/wp-json\/wp\/v2\/pages\/5866\/revisions"}],"predecessor-version":[{"id":6715,"href":"https:\/\/kuris.de\/es\/wp-json\/wp\/v2\/pages\/5866\/revisions\/6715"}],"wp:attachment":[{"href":"https:\/\/kuris.de\/es\/wp-json\/wp\/v2\/media?parent=5866"}],"curies":[{"name":"wp","href":"https:\/\/api.w.org\/{rel}","templated":true}]}}